{"id":30170,"date":"2026-03-01T19:22:03","date_gmt":"2026-03-01T18:22:03","guid":{"rendered":"https:\/\/flipcampingbox.com\/?post_type=product&#038;p=30170"},"modified":"2026-03-01T19:55:22","modified_gmt":"2026-03-01T18:55:22","slug":"flip-torbi-za-okna-2-deli-set-wb4-copy","status":"publish","type":"product","link":"https:\/\/flipcampingbox.com\/sl\/shop\/flip-torbi-za-okna-2-deli-set-wb4-copy\/","title":{"rendered":"FLIP torbi za okna (2-deli set) #WB5"},"content":{"rendered":"","protected":false},"excerpt":{"rendered":"<p>Velike torbe za dodaten prostor za shranjevanje se pri\u010dvrstijo na zadnja okna. Narejena so za vsak avto posebej, tako da se popolnoma prilegajo in ne premikajo med vo\u017enjo. Odstranljiva polica in \u017eepki za organizacijo.<\/p>\n","protected":false},"featured_media":28932,"template":"","meta":{"_acf_changed":false},"product_brand":[],"product_cat":[393,394],"product_tag":[],"class_list":{"0":"post-30170","1":"product","2":"type-product","3":"status-publish","4":"has-post-thumbnail","6":"product_cat-dodatki","7":"product_cat-flip-torbe-za-okna","8":"tm-no-options-pxq","10":"first","11":"instock","12":"sale","13":"shipping-taxable","14":"purchasable","15":"product-type-simple"},"acf":[],"_links":{"self":[{"href":"https:\/\/flipcampingbox.com\/sl\/wp-json\/wp\/v2\/product\/30170","targetHints":{"allow":["GET"]}}],"collection":[{"href":"https:\/\/flipcampingbox.com\/sl\/wp-json\/wp\/v2\/product"}],"about":[{"href":"https:\/\/flipcampingbox.com\/sl\/wp-json\/wp\/v2\/types\/product"}],"wp:featuredmedia":[{"embeddable":true,"href":"https:\/\/flipcampingbox.com\/sl\/wp-json\/wp\/v2\/media\/28932"}],"wp:attachment":[{"href":"https:\/\/flipcampingbox.com\/sl\/wp-json\/wp\/v2\/media?parent=30170"}],"wp:term":[{"taxonomy":"product_brand","embeddable":true,"href":"https:\/\/flipcampingbox.com\/sl\/wp-json\/wp\/v2\/product_brand?post=30170"},{"taxonomy":"product_cat","embeddable":true,"href":"https:\/\/flipcampingbox.com\/sl\/wp-json\/wp\/v2\/product_cat?post=30170"},{"taxonomy":"product_tag","embeddable":true,"href":"https:\/\/flipcampingbox.com\/sl\/wp-json\/wp\/v2\/product_tag?post=30170"}],"curies":[{"name":"wp","href":"https:\/\/api.w.org\/{rel}","templated":true}]}}