{"id":29660,"date":"2025-12-08T16:39:12","date_gmt":"2025-12-08T15:39:12","guid":{"rendered":"https:\/\/flipcampingbox.com\/shop\/protiveterna-zascita-za-stedilnik\/"},"modified":"2026-02-09T03:57:05","modified_gmt":"2026-02-09T02:57:05","slug":"protiveterna-zascita-za-stedilnik","status":"publish","type":"product","link":"https:\/\/flipcampingbox.com\/sl\/shop\/protiveterna-zascita-za-stedilnik\/","title":{"rendered":"Protiveterna za\u0161\u010dita za \u0161tedilnik"},"content":{"rendered":"","protected":false},"excerpt":{"rendered":"<p>Zlo\u017eljiva aluminijasta vetrna za\u0161\u010dita za \u0161tedilnik. Torbica je prilo\u017eena.  <\/p>\n","protected":false},"featured_media":29659,"template":"","meta":{"_acf_changed":false},"product_brand":[],"product_cat":[393,396],"product_tag":[],"class_list":{"0":"post-29660","1":"product","2":"type-product","3":"status-publish","4":"has-post-thumbnail","6":"product_cat-dodatki","7":"product_cat-univerzalni-dodatki","8":"tm-no-options-pxq","10":"first","11":"instock","12":"shipping-taxable","13":"purchasable","14":"product-type-simple"},"acf":[],"_links":{"self":[{"href":"https:\/\/flipcampingbox.com\/sl\/wp-json\/wp\/v2\/product\/29660","targetHints":{"allow":["GET"]}}],"collection":[{"href":"https:\/\/flipcampingbox.com\/sl\/wp-json\/wp\/v2\/product"}],"about":[{"href":"https:\/\/flipcampingbox.com\/sl\/wp-json\/wp\/v2\/types\/product"}],"wp:featuredmedia":[{"embeddable":true,"href":"https:\/\/flipcampingbox.com\/sl\/wp-json\/wp\/v2\/media\/29659"}],"wp:attachment":[{"href":"https:\/\/flipcampingbox.com\/sl\/wp-json\/wp\/v2\/media?parent=29660"}],"wp:term":[{"taxonomy":"product_brand","embeddable":true,"href":"https:\/\/flipcampingbox.com\/sl\/wp-json\/wp\/v2\/product_brand?post=29660"},{"taxonomy":"product_cat","embeddable":true,"href":"https:\/\/flipcampingbox.com\/sl\/wp-json\/wp\/v2\/product_cat?post=29660"},{"taxonomy":"product_tag","embeddable":true,"href":"https:\/\/flipcampingbox.com\/sl\/wp-json\/wp\/v2\/product_tag?post=29660"}],"curies":[{"name":"wp","href":"https:\/\/api.w.org\/{rel}","templated":true}]}}