{"id":29658,"date":"2025-12-08T16:40:29","date_gmt":"2025-12-08T15:40:29","guid":{"rendered":"https:\/\/flipcampingbox.com\/shop\/kriz-za-resetke-na-stedilniku\/"},"modified":"2026-02-09T03:57:02","modified_gmt":"2026-02-09T02:57:02","slug":"kriz-za-resetke-na-stedilniku","status":"publish","type":"product","link":"https:\/\/flipcampingbox.com\/sl\/shop\/kriz-za-resetke-na-stedilniku\/","title":{"rendered":"Kri\u017e za re\u0161etke na \u0161tedilniku"},"content":{"rendered":"","protected":false},"excerpt":{"rendered":"<p>Dodatni kri\u017e za prenosni \u0161tedilnik prepre\u010duje, da bi se manj\u0161i lonci prevrnili &#8211; idealen za manj\u0161e lonce, ponvice in kafetjere.<br \/>\nVelikost: 14 x 14 cm, najmanj\u0161i premer 4 cm. Material: kromirano jeklo. <\/p>\n","protected":false},"featured_media":29657,"template":"","meta":{"_acf_changed":false},"product_brand":[],"product_cat":[393,396],"product_tag":[],"class_list":{"0":"post-29658","1":"product","2":"type-product","3":"status-publish","4":"has-post-thumbnail","6":"product_cat-dodatki","7":"product_cat-univerzalni-dodatki","8":"tm-no-options-pxq","10":"first","11":"instock","12":"shipping-taxable","13":"purchasable","14":"product-type-simple"},"acf":[],"_links":{"self":[{"href":"https:\/\/flipcampingbox.com\/sl\/wp-json\/wp\/v2\/product\/29658","targetHints":{"allow":["GET"]}}],"collection":[{"href":"https:\/\/flipcampingbox.com\/sl\/wp-json\/wp\/v2\/product"}],"about":[{"href":"https:\/\/flipcampingbox.com\/sl\/wp-json\/wp\/v2\/types\/product"}],"wp:featuredmedia":[{"embeddable":true,"href":"https:\/\/flipcampingbox.com\/sl\/wp-json\/wp\/v2\/media\/29657"}],"wp:attachment":[{"href":"https:\/\/flipcampingbox.com\/sl\/wp-json\/wp\/v2\/media?parent=29658"}],"wp:term":[{"taxonomy":"product_brand","embeddable":true,"href":"https:\/\/flipcampingbox.com\/sl\/wp-json\/wp\/v2\/product_brand?post=29658"},{"taxonomy":"product_cat","embeddable":true,"href":"https:\/\/flipcampingbox.com\/sl\/wp-json\/wp\/v2\/product_cat?post=29658"},{"taxonomy":"product_tag","embeddable":true,"href":"https:\/\/flipcampingbox.com\/sl\/wp-json\/wp\/v2\/product_tag?post=29658"}],"curies":[{"name":"wp","href":"https:\/\/api.w.org\/{rel}","templated":true}]}}