{"id":28440,"date":"2025-07-11T11:55:10","date_gmt":"2025-07-11T09:55:10","guid":{"rendered":"https:\/\/flipcampingbox.com\/shop\/dodatne-plinske-kartuse-4x\/"},"modified":"2026-02-09T03:57:04","modified_gmt":"2026-02-09T02:57:04","slug":"dodatne-plinske-kartuse-4x","status":"publish","type":"product","link":"https:\/\/flipcampingbox.com\/sl\/shop\/dodatne-plinske-kartuse-4x\/","title":{"rendered":"Dodatne plinske kartu\u0161e (4x)"},"content":{"rendered":"","protected":false},"excerpt":{"rendered":"<p>Set 4 dodatnih standardnih plinskih kartu\u0161 za prenosni \u0161tedilnik.<\/p>\n","protected":false},"featured_media":26634,"template":"","meta":{"_acf_changed":false},"product_brand":[],"product_cat":[393,396],"product_tag":[],"class_list":{"0":"post-28440","1":"product","2":"type-product","3":"status-publish","4":"has-post-thumbnail","6":"product_cat-dodatki","7":"product_cat-univerzalni-dodatki","8":"tm-no-options-pxq","10":"first","11":"instock","12":"sale","13":"shipping-taxable","14":"purchasable","15":"product-type-simple"},"acf":[],"_links":{"self":[{"href":"https:\/\/flipcampingbox.com\/sl\/wp-json\/wp\/v2\/product\/28440","targetHints":{"allow":["GET"]}}],"collection":[{"href":"https:\/\/flipcampingbox.com\/sl\/wp-json\/wp\/v2\/product"}],"about":[{"href":"https:\/\/flipcampingbox.com\/sl\/wp-json\/wp\/v2\/types\/product"}],"wp:featuredmedia":[{"embeddable":true,"href":"https:\/\/flipcampingbox.com\/sl\/wp-json\/wp\/v2\/media\/26634"}],"wp:attachment":[{"href":"https:\/\/flipcampingbox.com\/sl\/wp-json\/wp\/v2\/media?parent=28440"}],"wp:term":[{"taxonomy":"product_brand","embeddable":true,"href":"https:\/\/flipcampingbox.com\/sl\/wp-json\/wp\/v2\/product_brand?post=28440"},{"taxonomy":"product_cat","embeddable":true,"href":"https:\/\/flipcampingbox.com\/sl\/wp-json\/wp\/v2\/product_cat?post=28440"},{"taxonomy":"product_tag","embeddable":true,"href":"https:\/\/flipcampingbox.com\/sl\/wp-json\/wp\/v2\/product_tag?post=28440"}],"curies":[{"name":"wp","href":"https:\/\/api.w.org\/{rel}","templated":true}]}}