{"id":22024,"date":"2022-06-01T11:50:52","date_gmt":"2022-06-01T09:50:52","guid":{"rendered":"http:\/\/flipcampingbox.com\/?page_id=22024"},"modified":"2026-02-17T07:27:58","modified_gmt":"2026-02-17T06:27:58","slug":"pogoji-poslovanja","status":"publish","type":"page","link":"https:\/\/flipcampingbox.com\/sl\/pogoji-poslovanja\/","title":{"rendered":"Pogoji poslovanja"},"content":{"rendered":"\t\t<div data-elementor-type=\"wp-page\" data-elementor-id=\"22024\" class=\"elementor elementor-22024 elementor-17066\" data-elementor-post-type=\"page\">\n\t\t\t\t\t\t<section class=\"elementor-section elementor-top-section elementor-element elementor-element-c2c5fdc elementor-section-stretched elementor-section-boxed elementor-section-height-default elementor-section-height-default\" data-id=\"c2c5fdc\" data-element_type=\"section\" data-e-type=\"section\" data-settings=\"{&quot;stretch_section&quot;:&quot;section-stretched&quot;,&quot;background_background&quot;:&quot;classic&quot;}\">\n\t\t\t\t\t\t<div class=\"elementor-container elementor-column-gap-default\">\n\t\t\t\t\t<div class=\"elementor-column elementor-col-100 elementor-top-column elementor-element elementor-element-248ec03\" data-id=\"248ec03\" data-element_type=\"column\" data-e-type=\"column\">\n\t\t\t<div class=\"elementor-widget-wrap elementor-element-populated\">\n\t\t\t\t\t\t<div class=\"elementor-element elementor-element-be27339 elementor-widget elementor-widget-heading\" data-id=\"be27339\" data-element_type=\"widget\" data-e-type=\"widget\" data-widget_type=\"heading.default\">\n\t\t\t\t<div class=\"elementor-widget-container\">\n\t\t\t\t\t<h1 class=\"elementor-heading-title elementor-size-default\">Pogoji poslovanja<\/h1>\t\t\t\t<\/div>\n\t\t\t\t<\/div>\n\t\t\t\t\t<\/div>\n\t\t<\/div>\n\t\t\t\t\t<\/div>\n\t\t<\/section>\n\t\t\t\t<section class=\"elementor-section elementor-top-section elementor-element elementor-element-65ae46d elementor-reverse-mobile elementor-section-boxed elementor-section-height-default elementor-section-height-default\" data-id=\"65ae46d\" data-element_type=\"section\" data-e-type=\"section\">\n\t\t\t\t\t\t<div class=\"elementor-container elementor-column-gap-wider\">\n\t\t\t\t\t<div class=\"elementor-column elementor-col-66 elementor-top-column elementor-element elementor-element-dd806ef\" data-id=\"dd806ef\" data-element_type=\"column\" data-e-type=\"column\">\n\t\t\t<div class=\"elementor-widget-wrap elementor-element-populated\">\n\t\t\t\t\t\t<div class=\"elementor-element elementor-element-6edcea5 elementor-widget elementor-widget-text-editor\" data-id=\"6edcea5\" data-element_type=\"widget\" data-e-type=\"widget\" data-widget_type=\"text-editor.default\">\n\t\t\t\t<div class=\"elementor-widget-container\">\n\t\t\t\t\t\t\t\t\t<h2>Splo\u0161no<\/h2>\n<p>Splo\u0161ni pogoji poslovanja spletne trgovine FLIP Camping Box so sestavljeni v skladu z Zakonom o varstvu potro\u0161nikov (ZVPot) in na podlagi priporo\u010dil Gospodarske zbornice Slovenije ter mednarodnih kodeksov za spletno in elektronsko poslovanje.<\/p>\n<p>S spletno trgovino FLIP Camping Box (v nadaljevanju kot \u00bbspletna trgovina\u00ab) upravlja ponudnik storitev elektronskega poslovanja Sipras trgovina d.o.o. (v nadaljevanju kot \u00bbtrgovec\u00ab).<\/p>\n<p>S temi Splo\u0161nimi pogoji poslovanja se opredeljuje delovanje spletne trgovine, pravice in dol\u017enosti obiskovalca in kupca ter poslovno razmerje med trgovcem in kupcem izdelkov iz ponudbe spletne trgovine.&nbsp;<\/p>\n<p><strong>Podatki o trgovcu:<\/strong>&nbsp;<br>Sipras trgovina d.o.o. <br>Kolovec 9, 1235 Radomlje<\/p>\n<p>Transakcijski ra\u010dun: SI56029220259067207 pri NLB <br>BIC\/SWIFT: LJBASI2X <br>Mati\u010dna \u0161tevilka: 3866017 <br>Identifikacijska \u0161tevilka za DDV: SI14556944 <br>Registracija: SGR 2010\/46136 Okr. sod. Lj. <br>Osnovni kapital: 7.500,00 EUR<\/p>\n<h2>Cene<\/h2>\n<p>Vse cene so v evrih in vklju\u010dujejo DDV.<\/p>\n<p>Sipras trgovina, d.o.o. si pridr\u017euje pravico do dnevnih sprememb cen asortimana brez predhodnega obvestila.<\/p>\n<p>Redne cene veljajo v trenutku oddaje naro\u010dila in nimajo vnaprej dolo\u010dene veljavnosti.<\/p>\n<p>V primeru, da je podatek o ceni napa\u010den oziroma v primeru, da se cena artikla spremeni med obdelavo naro\u010dila, ponudnik kupcu omogo\u010di odstop od nakupa, hkrati pa se trudi poiskati re\u0161itev, ki bo v obojestransko zadovoljstvo.<\/p>\n<h2>Naro\u010dilo<\/h2>\n<p>Po oddaji naro\u010dila boste po elektronski po\u0161ti prejeli obvestilo, s katerim potrjujemo prejem naro\u010dila v \u010dakalno vrsto.<\/p>\n<p>Obi\u010dajno prejmete elektronsko obvestilo v 5 minutah, lahko pa se to \u010dasovno podalj\u0161a zaradi razli\u010dnih nastavitev elektronskih po\u0161tnih odjemalcev.<\/p>\n<p>Sipras trgovina d.o.o. si pridr\u017euje pravico do zavrnitve naro\u010dila v primeru, da artikla ni ve\u010d na zalogi ali o\u010ditno napa\u010dnih cen, ki lahko nastanejo v primeru napak pri avtomatiziranih prenosih, o \u010demer vas bomo obvestili v najkraj\u0161em mo\u017enem \u010dasu.<\/p>\n<p>V primeru nejasnosti, preverjanja podatkov ali zagotavljanja pravilne dobave vas lahko pokli\u010demo na telefonsko \u0161tevilko, ki ste jo vnesli ob oddaji naro\u010dila.<\/p>\n<p>Naro\u010dilo bomo potrdili takoj, ko dobimo pla\u010dilo (delno ali v celoti).<\/p>\n<p>O spremenjenem statusa naro\u010dila vas bomo nemudoma obvestili.<\/p>\n<p>V primeru, da ste naro\u010dili blago, ki ga zaradi nepredvidljivih razlogov ne moremo odpremiti v obljubljenem roku, vas o novem dobavnem roku obvestimo po telefonu ali na va\u0161 elektronski naslov.<\/p>\n<p>Po prejetju kon\u010dnega pla\u010dila, bomo va\u0161e naro\u010dilo zaklju\u010dili in odposlali, oziroma ga pripravili za prevzem, v kolikor ste izbrali to mo\u017enost.<\/p>\n<p>O zaklju\u010dku naro\u010dila boste obve\u0161\u010deni po spletni po\u0161ti.<\/p>\n<p>Sipras trgovina d.o.o. nenehno izbolj\u0161uje svoje izdelke, zato so nekateri modeli morda videti nekoliko druga\u010de, kot so predstavljeni na <a href=\"http:\/\/www.flipcampingbox.com\">www.flipcampingbox.com<\/a> in njegovih dru\u017eabnih omre\u017ejih, saj nova razli\u010dica \u0161e ni v celoti predstavljena.<\/p>\n<p>Kupci bodo vedno prejeli najnovej\u0161o razli\u010dico FLIP Camping box-a.<\/p>\n<p>V kolikor potrebujete pomo\u010d pri oddaji naro\u010dila nas lahko pokli\u010dete na telefon: +386 1 723 07 07 ali po\u0161ljete e-sporo\u010dilo na naslov info@flipcampingbox.com .<\/p>\n<p><strong>Preklic naro\u010dila<\/strong><\/p>\n<p>Naro\u010dila preko spleta lahko brez dodatnih stro\u0161kov prekli\u010dete do na\u0161e potrditve va\u0161ega naro\u010dila.<\/p>\n<p>Obvestilo o preklicu naro\u010dila je mo\u017eno po elektronski po\u0161ti info@flipcampingbox.com ali po telefonu +386 1 723 07 07.<\/p>\n<p>V zadevo elektronskega sporo\u010dila navedite \u201cPreklic naro\u010dila\u201d, v sporo\u010dilu pa navedite ime in priimek ter \u0161tevilko naro\u010dila.<\/p>\n<p><strong>Sprememba naro\u010dila<\/strong><\/p>\n<p>Naro\u010dila po oddaji \u017eal ni ve\u010d mo\u017eno spreminjati. Prosimo prekli\u010dite va\u0161e naro\u010dilo najkasneje do na\u0161e potrditve naro\u010dila in opravite novo naro\u010dilo.<\/p>\n<h2>Pla\u010dilo<\/h2>\n<p>Pri oddaji naro\u010dila lahko izbirate med naslednjimi na\u010dini pla\u010dila za delno pla\u010dilo ali pla\u010dilo v celoti:<\/p>\n<p><strong>Kreditna kartica<\/strong><\/p>\n<p>Za varno pla\u010dilo z va\u0161o kartico Visa, MasterCard, American Express, Discover ali Maestro Card pri nakupu izberite mo\u017enost \u201cKreditna kartica\u201d. S pla\u010dilom potrdite va\u0161e naro\u010dilo na Flipcampingbox.com. Povezava s stre\u017enikom je za\u0161\u010ditena, tako da so va\u0161i osebni podatki varni. Flipcampingbox.com ne shranjuje nobenih podatkov o pla\u010dilnih karticah, saj uporabljamo storitev Braintree by Paypal.<\/p>\n<p><strong>PayPal<\/strong><\/p>\n<p>V kolikor imate PayPal ra\u010dun, se lahko pri naro\u010dilu odlo\u010dite za pla\u010dilo z opcijo \u201cPaypal\u201d. S klikom na gumb \u201cPay with PayPal\u201d boste preusmerjeni v Paypalov vmesnik, kjer izvedete pla\u010dilo. Po uspe\u0161nem pla\u010dilu boste potrdili naro\u010dilo in bili avtomatsko preusmerjeni nazaj v na\u0161o spletno trgovino Flipcampingbox.com. Povezava s stre\u017enikom je za\u0161\u010ditena, tako da so va\u0161i osebni podatki varni. Flipcampingbox.com ne shranjuje nobenih podatkov o pla\u010dilnih karticah, saj uporabljamo storitev Braintree by Paypal.<\/p>\n<p><strong>Z vnaprej\u0161nim nakazilom kupnine na transakcijski ra\u010dun po predra\u010dunu<\/strong> Ob naro\u010dilu prejmete podatke za nakazilo kupnine, ki ga izvedete na transakcijski ra\u010dun podjetja Sipras trgovina d.o.o..<\/p>\n<p>Sipras trgovina d.o.o.<\/p>\n<p>Kolovec 9, 1235 Radomlje, Slovenia<\/p>\n<p>Transakcijski ra\u010dun: SI56029220259067207 pri NLB<\/p>\n<p>BIC\/SWIFT: LJBASI2X<\/p>\n<p>Za sklic in namen uporabite \u0161tevilko ra\u010duna.<\/p>\n<h2>Ra\u010dun<\/h2>\n<p>Prodajalec mora za dobavo blaga ali storitev izdati ra\u010dun in ga izro\u010diti kupcu.<\/p>\n<p>Kupec mora prevzeti ra\u010dun in ga zadr\u017eati neposredno po odhodu iz poslovnega prostora.<\/p>\n<p>Pri poslovanju preko spleta bomo izdali ra\u010dun ob po\u0161iljanju blaga kupcu oziroma ko bo blago odpremljeno.<\/p>\n<p>Za spletne nakupe trenutno ne izdajamo e-ra\u010dunov.<\/p>\n<h2>Dostava<\/h2>\n<p>Izdelki, ki so na zalogi, so za prevzem pripravljeni v roku 1 delovnega dne. Rok izdelave izdelkov, ki niso na zalogi: <b>3 tedni<\/b>.<\/p>\n<p>Uporabnik lahko ob oddaji nakupnega naro\u010dila dolo\u010di enega od naslednjih na\u010dinov prevzema izdelkov:<\/p>\n<ul>\n<li>osebno na sede\u017eu dru\u017ebe \u2013 brezpla\u010dno<\/li>\n<li>dostava na dom \u2013 pla\u010dljivo<\/li>\n<\/ul>\n<p><strong>Dostava na dom<\/strong><\/p>\n<p>Pogodbeni partner trgovca za dostavo po\u0161iljk je DB Schenker.<\/p>\n<p>Trgovec si pridr\u017euje pravico izbrati drugo dostavno slu\u017ebo, \u010de bo s tem lahko naro\u010dilo izpolnil u\u010dinkoviteje.<\/p>\n<p>Rok dostave izdelkov je odvisen od posamezne ciljne dr\u017eave, okvirno pa zna\u0161a 3-8 dni za naslove v Evropski uniji, razen v primeru, \u010de dostavni partner na posamezni dostavni naslov dostavlja kasneje.<\/p>\n<ul>\n<li><b>Dr\u017eave EU<\/b><b><br><\/b>Cena dostave je odvisna od regije in se giblje med <b>249\u20ac in 299\u20ac (z DDV)<\/b>. To\u010den znesek bo izra\u010dunan in prikazan ob vnosu naslova na blagajni.<\/li>\n<li><b>Evropske dr\u017eave, ki<\/b>&nbsp;<b>niso \u010dlanice EU<\/b>&nbsp;<br>Za dr\u017eave izven EU je so poleg po\u0161tnine v vi\u0161ini <b>439 \u20ac (z DDV)<\/b>&nbsp;prisotni \u0161e stro\u0161ki izvoznega carinjenja v vi\u0161ini <b>99 \u20ac (z DDV)<\/b> in eventuelni dodatek za veliko oddaljenost, trajekt in podobno.<\/li>\n<li><b>Ostale dr\u017eave<br><\/b>Za dostavo v vse ostale dr\u017eave, ki zgoraj niso navedene, nas za to\u010dne informacije prosimo kontaktirajte na&nbsp;<a href=\"mailto:info@campingbox.com\"><b>info@campingbox.com<\/b><\/a>&nbsp;ali&nbsp;<b>+386 1 723 07 07<\/b>.<\/li>\n<\/ul>\n<p>Stro\u0161ki uvoznega carinjenja se odvisni od ciljne dr\u017eave in jih vedno pla\u010da kupec.<\/p>\n<h2>Vra\u010dilo<\/h2>\n<p>V primeru, da \u017eelite iz kateregakoli razloga odstopiti od prodajne pogodbe oziroma nakupa, nas lahko v 14 dneh obvestite, da odstopate od pogodbe, ne da bi vam bilo za to treba navesti razlog za svojo odlo\u010ditev.<\/p>\n<p>Obvestilo o odstopu lahko uredite preko e-po\u0161te z nedvoumno izjavo, ki jo lahko po\u0161ljete na e-po\u0161ti naslov info@flipcampingbox.com ali z nedvoumno ustno izjavo preko telefona +386 1 723 07 07 od ponedeljka do petka od 9:00 do 16:00.<\/p>\n<p>14-dnevni rok za\u010dne te\u010di z dnem, ko ste prejeli blago.<\/p>\n<p>Edini stro\u0161ek, ki vas bremeni v zvezi z odstopom od pogodbe, je stro\u0161ek vra\u010dila blaga.<\/p>\n<p>\u010ce ste blago \u017ee prejeli in od pogodbe odstopate, morate blago vrniti v 30 dneh po poslanem obvestilu ali izjavi, da odstopate od pogodbe.<\/p>\n<p>Blago morate vrniti nepo\u0161kodovane, v originalni embala\u017ei in v nespremenjeni koli\u010dini, razen \u010de so izdelki uni\u010deni, pokvarjeni, izgubljeni ali se je njihova koli\u010dina zmanj\u0161ala, ne da bi bil za to kriv kupec, skupaj z vso pripadajo\u010do dokumentacijo in ra\u010dunom.<\/p>\n<p>V primeru vra\u010dila blaga vam bomo kupnino vrnili takoj, ko bo to mogo\u010de, najkasneje pa v 14 dneh po prejemu sporo\u010dila o odstopu od pogodbe, razen v primeru pla\u010dila s kartico, \u010de \u0161e ni bila bremenjena.<\/p>\n<p>Po 43.\u010d \u010dlenu Zakona v varstvu potro\u0161nikov (ZVPot-NPB10) mo\u017enost odstopa od pogodbe ne velja za blago, ki je bilo izdelano in prilagojeno potro\u0161nikovim osebnim potrebam. Vra\u010dilo oz. odstop od pogodbe tako ni mo\u017een za vse izdelke FLIP Camping Box, ki so bili izdelani in prilagojeni uporabnikovim (kup\u010devim) osebnim potrebam.<\/p>\n<p>V primeru vra\u010dila denarja zaradi napake stranke \u017eal ne moremo povrniti 4% pla\u010dilne provizije.<\/p>\n<h2>Garancija<\/h2>\n<p>Izdelki imajo garancijo, \u010de je tako navedeno na garancijskem listu, ra\u010dunu ali ogla\u0161evalskem sporo\u010dilu.<\/p>\n<p>Dobavitelj izdelka jam\u010di za kakovost izdelka oziroma brezhibno delovanje v garancijskem roku, \u010de ga boste uporabljali v skladu z njegovim namenom in prilo\u017eenimi navodili.<\/p>\n<p>Garancijski rok za\u010dne te\u010di z dnem prevzema blaga s strani kupca in traja 1 leto za pohi\u0161tveni del.<\/p>\n<p>Za vgrajene elemente in dodatno opremo, kot so potopna \u010drpalka, hladilnik, pipa je garancijski rok pravtako 1 leto.<\/p>\n<p>\u010cas, v katerem dobavitelj kupcu zagotavlja proti pla\u010dilu popravilo, vzdr\u017eevanje blaga, nadomestne dele in priklopne aparate je vsaj 1 leto po preteku garancijskega roka.<\/p>\n<h2>Varnost<\/h2>\n<p>Poskrbeli smo, da bo vsak nakup v spletni trgovini Flipcampingbox.com popolnoma varen.<\/p>\n<p>Vsi zaupni podatki, ki se prena\u0161ajo preko spleta (osebni podatki, podatki o nakupih in \u0161tevilke pla\u010dilnih kartic), so ustrezno kodirani, zato jih tretje osebe ne morejo prebrati.<\/p>\n<p>Spletna trgovina Flipcampingbox.com uporablja 128-bitni kodirni klju\u010d in tehnologijo SSL (Secure Socket Layer).<\/p>\n<p>Za maksimalno varnost prenosa je poskrbljeno z mehanizmi, ki jih uporabljajo banke, finan\u010dne ustanove in najbolj\u0161e spletne trgovine.<\/p>\n<p>Avtorizacije in transakcije s pla\u010dilnimi karticami se izvajajo preko avtorizacijskega centra Paypal.com.<\/p>\n<p>Avtorizacije kartic se vr\u0161ijo v realnem \u010dasu s takoj\u0161njim preverjanjem podatkov v ban\u010dnem sistemu.<\/p>\n<p>Podatki o karticah se ne shranjujejo na stre\u017eniku Flipcampingbox.com.<\/p>\n<p>Za varovanje osebnih podatkov je odgovoren tudi uporabnik sam, in sicer tako da poskrbi za varnost z ustrezno originalno programsko opremo (posodobljeno protivirusno za\u0161\u010dito) svojega ra\u010dunalnika.<\/p>\n<h2>Varovanje osebnih podatkov<\/h2>\n<p>Obvezujemo se, da bodo osebni podatki, pridobljeni preko spletnega mesta v celoti ostali hranjeni, varovani in obdelovani izklju\u010dno s strani podjetja Sipras trgovina, d.o.o.<\/p>\n<p>Z vsemi pridobljenimi osebnimi podatki bomo ravnali v skladu z Zakonom o varstvu osebnih podatkov.<\/p>\n<p>Va\u0161i podatki so ustrezno za\u0161\u010diteni pred izgubo, uni\u010denjem, ponarejanjem, manipuliranjem in neavtoriziranim dostopom ali neavtoriziranim odkritjem s strani tretjih oseb.<\/p>\n<p>Osebni podatki, ki so pridobljeni preko spletne trgovine za namen izvedbe spletnega nakupa, se uporabljajo izklju\u010dno za potrebe izvedbe in dostave naro\u010dila ter v primeru upravi\u010denosti in posebnih akcij, posredovanje kupona za unov\u010devanje.<\/p>\n<h2>Odjava od eNovic<\/h2>\n<p>Odjava iz seznama prejemnikov eNovic je mo\u017ena kadarkoli peko elektronske po\u0161te info@flipcampingbox.com.<\/p>\n<p>Odjavite se lahko tudi s klikom na odjavno povezavo v katerihkoli od prejetih eNovic. Zaradi specifi\u010dnosti poslovnega procesa in tehni\u010dnih omejitev je mogo\u010de, da boste v 15 dneh od datuma va\u0161e odjave \u0161e prejeli na\u0161o e-po\u0161to, v primeru, da je bila e-po\u0161ta \u017ee poslana oziroma v fazi po\u0161iljanja.<\/p>\n<p>V tem primeru se vam opravi\u010dujemo in vas prosimo za razumevanje.<\/p>\n<p>\u010ce \u017eelite brisati osebne podatke, katere hranimo za po\u0161iljanje e-novic, nam to sporo\u010dite na elektronski naslov info@flipcampingbox.com.<\/p>\n<p>Zahtevek za brisanje prijave mora biti poslan z elektronskega naslova, s katerim ste se prijavili na e-novice ali pa morate navesti elektronski naslov, ki ga odjavljate.<\/p>\n<p>V roku 15 dni od prejema va\u0161e zahteve za brisanje prijave, bomo zbrisali va\u0161e osebne podatke in vas o tem tudi obvestili.<\/p>\n<h2>Odveza odgovornosti<\/h2>\n<p>Vsebino, objavljeno na straneh Flipcampingbox.com, je dovoljeno uporabljati in reproducirati le v nekomercialne namene, pri \u010demer pa je potrebno ohraniti vsa navedena opozorila o avtorskih pravicah.<\/p>\n<p>Sipras trgovina, d.o.o., zagotavlja kar najbolj a\u017eurno in natan\u010dno vsebino svojih spletnih strani, vendar ne prevzema nobenih garancij o njeni a\u017eurnosti in\/ali natan\u010dnosti.<\/p>\n<p>Vsi uporabniki vso objavljeno vsebino uporabljajo na lastno odgovornost.<\/p>\n<p>Sipras trgovina, d.o.o., ali katerakoli izmed drugih pravnih ali fizi\u010dnih oseb, ki so sodelovale pri nastanku in izdelavi spletne trgovine, ne odgovarjajo za morebitno \u0161kodo, ki bi izhajala iz dostopa do uporabe ali nemo\u017enosti uporabe informacij na Flipcampingbox.com ali za kakr\u0161nekoli tehni\u010dne napake.<\/p>\n<p>Dopu\u0161\u010damo mo\u017enosti za nepravilnosti podatkov, slikovnega, tekstovnega, zvo\u010dnega in video materiala v spletni trgovini Flipcampingbox.com.<\/p>\n<p>Za podrobnej\u0161e opise in informacije se lahko obrnete na nas ali direktno na proizvajalca izdelka.<\/p>\n<p>Dekorativni material v slikah ni vklju\u010den v ceno.<\/p>\n<p>Sipras trgovina d.o.o. si pridr\u017euje pravico do sprememb pogojev poslovanja preko spletne trgovine Flipcampingbox.com kadarkoli, kakorkoli in brez predhodnega opozorila.<\/p>\n<p>Sipras trgovina d.o.o, od trenutka oddaje po\u0161iljke z naro\u010denimi izdelki na po\u0161to dalje ne odgovarja za primere, ko pride do fizi\u010dnih po\u0161kodb, uni\u010denja ali izgube po\u0161iljke, kakor tudi ne, \u010de pride do manjka vsebine v po\u0161iljki ali \u010de po\u0161iljka ka\u017ee znake odprtja.<\/p>\n<p>V navedenih primerih mora uporabnik (kupec) ob prejemu po\u0161iljke spro\u017eiti postopek reklamacije pri dostavnem partnerju, DB Schenker.<\/p>\n<p>Trgovec bo skupaj z dostavnim partnerjem poskrbel, da bo reklamacija re\u0161ena v najkraj\u0161em mo\u017enem \u010dasu.<\/p>\n<p>FLIP Camping Box je zasnovan tako, da je ume\u0161\u010den tik za zadnje sede\u017ee in se tesno prilega med obe steni prtlja\u017enika ter se med vo\u017enjo ne premika.<\/p>\n<p>Ker se v vozilo s tem ne posega in se ga ne spreminja, tudi ni potrebna homologacija vozila.<\/p>\n<p>V vsakem primeru je kupec sam v celoti odgovoren za ustrezno pri\u010dvrstitev opreme v vozilo.<\/p>\n<p>Sipras trgovina d.o.o. v nobenem primeru ne odgovarja za kakr\u0161nekoli po\u0161kodbe ljudi ali vozila, nastale zaradi prevoza, monta\u017ee ali uporabe.<\/p>\n<p>Kupec je dol\u017ean upo\u0161tevati vsa navodila za uporabo.<\/p>\n<h2>Prito\u017ebe in spori<\/h2>\n<p>Trgovec spo\u0161tuje veljavno zakonodajo o varstvu potro\u0161nikov in zagotavlja u\u010dinkovito obravnavo prito\u017eb.<\/p>\n<p>V primeru te\u017eav nas pokli\u010dite na telefonsko \u0161tevilko +386 1 723 07 07, po\u0161ljite elektronsko sporo\u010dilo na info@flipcampingbox.com ali nam pi\u0161ite na naslov:<br>Sipras trgovina d.o.o., \u0160utna 37, 1241 Kamnik, Slovenija.<\/p>\n<p>Postopek obravnave prito\u017ebe je zaupen. Na podlagi Uredbe 524\/2013\/EU je bila ustanovljena enotna vstopna to\u010dka za re\u0161evanje sporov, ki izvirajo iz spletne prodaje. <br>S klikom na povezavo boste preusmerjeni na platformo: <a href=\"https:\/\/webgate.ec.europa.eu\/odr\/main\/index.cfm?event=main.home.show&amp;lng=SL\">https:\/\/webgate.ec.europa.eu\/odr\/main\/index.cfm?event=main.home.show&amp;lng=SL<\/a>.<\/p>\n<p>Za dodatno pomo\u010d se lahko obrnete na Nacionalno kontaktno to\u010dko \u2013 Slovenija. Podatki so navedeni na povezavi: <a href=\"https:\/\/webgate.ec.europa.eu\/odr\/main\/?event=main.complaints.odrList\">https:\/\/webgate.ec.europa.eu\/odr\/main\/?event=main.complaints.odrList<\/a>.<\/p>\n<p>Dru\u017eba Sipras trgovina, d.o.o. priznava kot pristojnega za re\u0161evanje potro\u0161nikih sporov slede\u010dega izvajalca: Evropski center za re\u0161evanje sporov \u2013 Tom\u0161i\u010deva 6, 1000 Ljubljana \u2013 info@ecdr.si \u2013 T: 08 205 65 90<\/p>\n<h2 style=\"color: rgb(39, 39, 39); font-family: Helvetica, sans-serif;\">Registrirana blagovna znamka<\/h2>\n<div>FLIP je za\u0161\u010ditena blagovna znamka EU (<a href=\"http:\/\/FLIP je za\u0161\u010ditena blagovna znamka EU (EUIPO \u0161t. 019085899). Registrirano: 20. 11. 2025.\" target=\"_blank\">EUIPO \u0161t. 019085899<\/a>).&nbsp;<br>Registrirano: 20.11.2025.<br><br><\/div>\n<p>Splo\u0161ne pogoje poslovanja je sprejel direktor Sipras trgovina d.o.o., v Kamniku, dne 1.5.2019.<\/p>\n<p>\u017delimo vam prijeten nakup v na\u0161i spletni trgovini!<\/p>\t\t\t\t\t\t\t\t<\/div>\n\t\t\t\t<\/div>\n\t\t\t\t\t<\/div>\n\t\t<\/div>\n\t\t\t\t<div class=\"elementor-column elementor-col-33 elementor-top-column elementor-element elementor-element-1bc144e\" data-id=\"1bc144e\" data-element_type=\"column\" data-e-type=\"column\">\n\t\t\t<div class=\"elementor-widget-wrap elementor-element-populated\">\n\t\t\t\t\t\t<div class=\"elementor-element elementor-element-bf17026 elementor-widget elementor-widget-table-of-contents\" data-id=\"bf17026\" data-element_type=\"widget\" data-e-type=\"widget\" data-settings=\"{&quot;exclude_headings_by_selector&quot;:[],&quot;sticky&quot;:&quot;top&quot;,&quot;sticky_on&quot;:[&quot;desktop&quot;],&quot;no_headings_message&quot;:&quot;No headings were found on this page.&quot;,&quot;headings_by_tags&quot;:[&quot;h2&quot;,&quot;h3&quot;,&quot;h4&quot;,&quot;h5&quot;,&quot;h6&quot;],&quot;marker_view&quot;:&quot;numbers&quot;,&quot;hierarchical_view&quot;:&quot;yes&quot;,&quot;min_height&quot;:{&quot;unit&quot;:&quot;px&quot;,&quot;size&quot;:&quot;&quot;,&quot;sizes&quot;:[]},&quot;min_height_tablet&quot;:{&quot;unit&quot;:&quot;px&quot;,&quot;size&quot;:&quot;&quot;,&quot;sizes&quot;:[]},&quot;min_height_mobile&quot;:{&quot;unit&quot;:&quot;px&quot;,&quot;size&quot;:&quot;&quot;,&quot;sizes&quot;:[]},&quot;sticky_offset&quot;:0,&quot;sticky_effects_offset&quot;:0,&quot;sticky_anchor_link_offset&quot;:0}\" data-widget_type=\"table-of-contents.default\">\n\t\t\t\t<div class=\"elementor-widget-container\">\n\t\t\t\t\t\t\t\t\t<div class=\"elementor-toc__header\">\n\t\t\t\t\t\t<h4 class=\"elementor-toc__header-title\">\n\t\t\t\tKazalo\t\t\t<\/h4>\n\t\t\t\t\t\t\t\t<\/div>\n\t\t\t\t<div id=\"elementor-toc__bf17026\" class=\"elementor-toc__body\">\n\t\t\t<div class=\"elementor-toc__spinner-container\">\n\t\t\t\t<i class=\"elementor-toc__spinner eicon-animation-spin eicon-loading\" aria-hidden=\"true\"><\/i>\t\t\t<\/div>\n\t\t<\/div>\n\t\t\t\t\t\t<\/div>\n\t\t\t\t<\/div>\n\t\t\t\t\t<\/div>\n\t\t<\/div>\n\t\t\t\t\t<\/div>\n\t\t<\/section>\n\t\t\t\t<\/div>\n\t\t","protected":false},"excerpt":{"rendered":"<p>Pogoji poslovanja Splo\u0161no Splo\u0161ni pogoji poslovanja spletne trgovine FLIP Camping Box so sestavljeni v skladu z Zakonom o varstvu potro\u0161nikov (ZVPot) in na podlagi priporo\u010dil Gospodarske zbornice Slovenije ter mednarodnih kodeksov za spletno in elektronsko poslovanje. S spletno trgovino FLIP Camping Box (v nadaljevanju kot \u00bbspletna trgovina\u00ab) upravlja ponudnik storitev elektronskega poslovanja Sipras trgovina d.o.o. [&hellip;]<\/p>\n","protected":false},"author":1,"featured_media":0,"parent":0,"menu_order":0,"comment_status":"closed","ping_status":"closed","template":"","meta":{"_acf_changed":false,"footnotes":""},"class_list":["post-22024","page","type-page","status-publish","hentry"],"acf":[],"_links":{"self":[{"href":"https:\/\/flipcampingbox.com\/sl\/wp-json\/wp\/v2\/pages\/22024","targetHints":{"allow":["GET"]}}],"collection":[{"href":"https:\/\/flipcampingbox.com\/sl\/wp-json\/wp\/v2\/pages"}],"about":[{"href":"https:\/\/flipcampingbox.com\/sl\/wp-json\/wp\/v2\/types\/page"}],"author":[{"embeddable":true,"href":"https:\/\/flipcampingbox.com\/sl\/wp-json\/wp\/v2\/users\/1"}],"replies":[{"embeddable":true,"href":"https:\/\/flipcampingbox.com\/sl\/wp-json\/wp\/v2\/comments?post=22024"}],"version-history":[{"count":24,"href":"https:\/\/flipcampingbox.com\/sl\/wp-json\/wp\/v2\/pages\/22024\/revisions"}],"predecessor-version":[{"id":30038,"href":"https:\/\/flipcampingbox.com\/sl\/wp-json\/wp\/v2\/pages\/22024\/revisions\/30038"}],"wp:attachment":[{"href":"https:\/\/flipcampingbox.com\/sl\/wp-json\/wp\/v2\/media?parent=22024"}],"curies":[{"name":"wp","href":"https:\/\/api.w.org\/{rel}","templated":true}]}}