{"id":22015,"date":"2022-06-01T11:52:28","date_gmt":"2022-06-01T09:52:28","guid":{"rendered":"http:\/\/flipcampingbox.com\/?page_id=22015"},"modified":"2022-06-26T16:46:03","modified_gmt":"2022-06-26T14:46:03","slug":"varovanje-zasebnosti","status":"publish","type":"page","link":"https:\/\/flipcampingbox.com\/sl\/varovanje-zasebnosti\/","title":{"rendered":"Varovanje zasebnosti"},"content":{"rendered":"\t\t<div data-elementor-type=\"wp-page\" data-elementor-id=\"22015\" class=\"elementor elementor-22015 elementor-17071\" data-elementor-post-type=\"page\">\n\t\t\t\t\t\t<section class=\"elementor-section elementor-top-section elementor-element elementor-element-51ce465 elementor-section-stretched elementor-section-boxed elementor-section-height-default elementor-section-height-default\" data-id=\"51ce465\" data-element_type=\"section\" data-e-type=\"section\" data-settings=\"{&quot;stretch_section&quot;:&quot;section-stretched&quot;,&quot;background_background&quot;:&quot;classic&quot;}\">\n\t\t\t\t\t\t<div class=\"elementor-container elementor-column-gap-default\">\n\t\t\t\t\t<div class=\"elementor-column elementor-col-100 elementor-top-column elementor-element elementor-element-d9407ec\" data-id=\"d9407ec\" data-element_type=\"column\" data-e-type=\"column\">\n\t\t\t<div class=\"elementor-widget-wrap elementor-element-populated\">\n\t\t\t\t\t\t<div class=\"elementor-element elementor-element-0894486 elementor-widget elementor-widget-heading\" data-id=\"0894486\" data-element_type=\"widget\" data-e-type=\"widget\" data-widget_type=\"heading.default\">\n\t\t\t\t<div class=\"elementor-widget-container\">\n\t\t\t\t\t<h1 class=\"elementor-heading-title elementor-size-default\">Varovanje zasebnosti<\/h1>\t\t\t\t<\/div>\n\t\t\t\t<\/div>\n\t\t\t\t\t<\/div>\n\t\t<\/div>\n\t\t\t\t\t<\/div>\n\t\t<\/section>\n\t\t\t\t<section class=\"elementor-section elementor-top-section elementor-element elementor-element-cfedbae elementor-reverse-mobile elementor-section-boxed elementor-section-height-default elementor-section-height-default\" data-id=\"cfedbae\" data-element_type=\"section\" data-e-type=\"section\">\n\t\t\t\t\t\t<div class=\"elementor-container elementor-column-gap-wider\">\n\t\t\t\t\t<div class=\"elementor-column elementor-col-66 elementor-top-column elementor-element elementor-element-63c3ee9\" data-id=\"63c3ee9\" data-element_type=\"column\" data-e-type=\"column\">\n\t\t\t<div class=\"elementor-widget-wrap elementor-element-populated\">\n\t\t\t\t\t\t<div class=\"elementor-element elementor-element-baa4d61 elementor-widget elementor-widget-text-editor\" data-id=\"baa4d61\" data-element_type=\"widget\" data-e-type=\"widget\" data-widget_type=\"text-editor.default\">\n\t\t\t\t<div class=\"elementor-widget-container\">\n\t\t\t\t\t\t\t\t\t<p>Sipras trgovina d.o.o., Kolovec 9, 1235 Radomlje (v nadaljevanju: podjetje) \u0161\u010diti va\u0161o zasebnost in va\u0161e osebne podatke pred nepoobla\u0161\u010denim dostopanjem, uporabo ali razkritjem, in jih obravnava kot zaupne. Z njimi ravna po\u0161teno in zakonito, v skladu z Uredbo (EU) 2016\/679 Evropskega parlamenta in Sveta z dne 27. aprila 2016 o varstvu posameznikov pri obdelavi osebnih podatkov in o prostem pretoku takih podatkov ter o razveljavitvi Direktive 95\/46\/ES (v nadaljevanju: Splo\u0161na uredba o varstvu podatkov).<\/p><p><strong>V kolikor bi \u017eeleli prenehati prejemati kakr\u0161na koli sporo\u010dila podjetja in torej izbrisati svoje podatke iz baze podjetja, lahko to storite s klikom na povezavo \u00bbODJAVA\u00ab na koncu katerega koli sporo\u010dila podjetja, lahko pa tudi pi\u0161ete na elektronski naslov info@flipcampingbox.com in zahtevate odjavo.<\/strong><\/p><h2>Upravljalec in poobla\u0161\u010dena oseba za varstvo podatkov<\/h2><p>Upravljalec osebnih podatkov, ki jih podjetje zbira, obdeluje in hrani, je Sipras trgovina d.o.o., Kolovec 9, 1235 Radomlje. Poobla\u0161\u010dena oseba za varstvo podatkov v podjetju je Irena Razinger (info@flipcampingbox.com).<\/p><h2>Nameni, podlage in vrste obdelave razli\u010dnih vrst osebnih podatkov<\/h2><p>Podjetje zbira, obdeluje in hrani osebne podatke na podlagi pogodbe, privolitve oziroma soglasja, zakona in\/ali upravi\u010denega interesa, da lahko izvr\u0161i pogodbene obveznosti (poslovna komunikacija, ki se nana\u0161a na strankin nakup ali prijavo na prejemanje novic in promocijskih vsebin), vklju\u010dno z obve\u0161\u010danjem, neposrednim tr\u017eenjem in ogla\u0161evanjem, segmentiranjem za po meri ukrojene koristne vsebine na spletnem mestu, prek e-sporo\u010dil in v oglasih na dru\u017eabnem spletu, ter izvajanjem aktivnostih v ra\u010dunovodske namene.<\/p><p>Nih\u010de v bazo podjetja ni dodan brez njegove izrecne pisne privolitve, prostovoljne prijave prek spletnega obrazca ali na pogodbeni podlagi.<\/p><p>Podjetje uporablja osebne podatke za po\u0161iljanje brezpla\u010dnih vsebin in ponujanje pla\u010dljivih storitev in produktov prek naslednjih kanalov: elektronska po\u0161ta, po\u0161ta, telefon.<\/p><p>Spletno mesto flipcampingbox.com (in vse z njim povezane samostojne strani) pomaga prilagoditi spletno izku\u0161njo z uporabo pi\u0161kotkov. Pi\u0161kotek je besedilna datoteka, ki jo na trdi disk postavi stre\u017enik spletnega mesta. S pi\u0161kotki ni mogo\u010de zaganjati programov ali dostavljati virusov v ra\u010dunalnik. Pi\u0161kotki so enoli\u010dno dodeljeni posamezniku, bere pa jih lahko le spletni stre\u017enik v domeni, ki je izdala pi\u0161kotek za tega posameznika. Njihova uporaba je na spletnem mestu namenjena zlasti izbolj\u0161avi vsebin in ponudbe na podlagi analize obiska in priljubljenosti posameznih strani. \u010ce \u017eelite, lahko pi\u0161kotke na svojem ra\u010dunalniku kadar koli onemogo\u010dite. Nastavitve za pi\u0161kotke lahko nadzirate in spreminjate v svojem spletnem brskalniku. \u010ce pi\u0161kotke izklju\u010dite, bodo nekatere mo\u017enosti spletnega mesta onemogo\u010dene.<\/p><h2>Osebni podatki, ki so predmet varstva zasebnosti<\/h2><p>Za potrebe poslovanja in spletnega mesta flipcampingbox.com podjetje zbira osebne podatke, kot so e-naslov, ime, priimek, doma\u010di ali slu\u017ebeni naslov, telefonska \u0161tevilka in podatke o podjetju (zlasti za izdajanje predra\u010dunov in ra\u010dunov), zaradi deljenja koristnih brezpla\u010dnih informacij, opravljenih transakcij ali obve\u0161\u010danja.<\/p><p>Podatki, ki jih sami prostovoljno razkrijete za objavo na spletnem mestu \u2013 na primer v svojih komentarjih k prispevkom ali v svojem mnenju \u2013 niso predmet varstva zasebnosti.<\/p><p>Podjetje ne zbira podatkov od oseb, mlaj\u0161ih od 18 let, \u010de mu je znano, da so mladoletne, in sicer dokler posredovanja podatkov ne odobri njihov zakoniti zastopnik. Ta lahko kadar koli zahteva vpogled v podatke, ki jih je mladoletnik posredoval podjetju, in zahteva, da se odstranijo iz baze podjetja.<\/p><h2>Pravice v zvezi z obdelavo osebnih podatkov<\/h2><p>Podjetje zagotavlja uresni\u010devanje pravic v zvezi z obdelavo osebnih podatkov brez nepotrebnega odla\u0161anja, najve\u010d pa v enem mesecu od prejema zahtevka na e-naslov info@sipras.si.<\/p><p>Te pravice so:<br \/>\u2013 Pravica do dostopa do podatkov (na posameznikovo zahtevo podjetje zagotovi kopijo njegovih osebnih podatkov v obdelavi oziroma hrambi)<br \/>\u2013 Pravica do popravka (neto\u010dnih podatkov ter dopolnitve nepopolnih osebnih podatkov)<br \/>\u2013 Pravica do izbrisa (t. i. pravica do pozabe)<br \/>\u2013 Pravica do omejitve obdelave<br \/>\u2013 Pravica do prenosljivosti podatkov (za posredovanje drugemu upravljalcu v strukturirani, splo\u0161no uporabljani in strojno berljivi obliki)<br \/>\u2013 Pravica do ugovora (na primer obdelavi podatkov za namene tr\u017eenja in profiliranja; \u010de tr\u017eenje temelji na dani privolitvi, se pravica do ugovora lahko izvede z njenim preklicem).<br \/>\u2013 Pravica do vlo\u017eitve prito\u017ebe v zvezi z obdelovanjem osebnih podatkov (pri podjetju, pri Informacijskem poobla\u0161\u010dencu)<\/p><h2>Rok hrambe<\/h2><p>Vsi podatki, povezani z obra\u010duni in pla\u010dili, vklju\u010dno s kontaktnimi podatki in ra\u010duni, se hranijo \u0161e 10 let od popolnega pla\u010dila storitev.<\/p><p>\u010ce se podatki obdelujejo in hranijo na podlagi privolitve oziroma soglasja, se hranijo do preklica le-te(ga). V primeru pogodbene podlage se hranijo do izteka pogodbe.<\/p><h2>Varstvo zasebnosti in razkritje podatkov<\/h2><p>Podjetje va\u0161e osebne podatke brez opozorila razkrije le, \u010de to zahteva zakonodaja ali v dobronamernem prepri\u010danju, da je to potrebno za: (a) delovanje v skladu z zakonodajo ali pravnimi postopki; (b) \u0161\u010ditenje in varovanje pravic ali lastnine spletnega mesta in podjetja, ter za (c) delovanje v nujnih okoli\u0161\u010dinah za varovanje osebne varnosti uporabnikov spletnega mesta ali javnosti.<\/p><p>Podjetje ne prodaja in ne daje v najem ali zakup seznamov svojih potencialnih strank oziroma strank drugim podjetjem, razen s tistimi, ki so na pogodbeni ravni vklju\u010deni v poslovni proces, denimo v pla\u010dilo, v po\u0161iljanje e-po\u0161te ali navadne po\u0161te, v pomo\u010d pri administraciji, v skrb za stranke, v urejanje dostave, v prodajo in tr\u017eenje, ipd. Vsem tem drugim osebam oziroma podjetjem je prepovedano uporabljati te osebne podatke v kateri koli drug namen, ki ni zagotavljanje storitev podjetju. Va\u0161e osebne podatke so zavezani uporabljati enako skrbno kot podjetje.<\/p><h2>Veljavnost izjave o varstvu zasebnosti, vpra\u0161anja in re\u0161evanje sporov<\/h2><p>Izjava o varstvu zasebnosti za\u010dne veljati 1. maja 2019.<\/p><p>Podjetje lahko ob\u010dasno posodobi to izjavo o varstvu zasebnosti, zato vas poziva, da jo redno pregledujete in ste tako vselej na teko\u010dem, kako so za\u0161\u010diteni va\u0161i podatki. Datum zadnje posodobitve je naveden na koncu Izjave o varstvu zasebnosti.<\/p><p>\u010ce imate kakr\u0161no koli vpra\u0161anje glede varstva zasebnosti in varovanja zaupnosti va\u0161ih podatkov, pi\u0161ite na elektronski naslov info@flipcampingbox.com. Odgovor boste prejeli v najkraj\u0161em mo\u017enem \u010dasu.<\/p><p>Izjava o varstvu zasebnosti je podvr\u017eena zakonodaji Republike Slovenije.<\/p><p>Morebitne spore re\u0161uje stvarno in krajevno pristojno sodi\u0161\u010de Republike Slovenije.<\/p><p>\u010ce je kateri koli del te izjave o varstvu zasebnosti dolo\u010den kot neveljaven ali neizvr\u0161ljiv v skladu z veljavno zakonodajo, se \u0161teje, do to neveljavno ali neizvr\u0161ljivo dolo\u010dbo zamenja veljavna, izvr\u0161ljiva dolo\u010dba, ki najbolje ustreza namenu prvotne dolo\u010dbe, preostanek izjave o varstvu zasebnosti pa ostane v veljavi.<\/p><p>Datum zadnje posodobitve: 19.5.2019<\/p>\t\t\t\t\t\t\t\t<\/div>\n\t\t\t\t<\/div>\n\t\t\t\t\t<\/div>\n\t\t<\/div>\n\t\t\t\t<div class=\"elementor-column elementor-col-33 elementor-top-column elementor-element elementor-element-1e36118\" data-id=\"1e36118\" data-element_type=\"column\" data-e-type=\"column\">\n\t\t\t<div class=\"elementor-widget-wrap elementor-element-populated\">\n\t\t\t\t\t\t<div class=\"elementor-element elementor-element-5d7e5ec elementor-widget elementor-widget-table-of-contents\" data-id=\"5d7e5ec\" data-element_type=\"widget\" data-e-type=\"widget\" data-settings=\"{&quot;exclude_headings_by_selector&quot;:[],&quot;sticky&quot;:&quot;top&quot;,&quot;sticky_on&quot;:[&quot;desktop&quot;],&quot;headings_by_tags&quot;:[&quot;h2&quot;,&quot;h3&quot;,&quot;h4&quot;,&quot;h5&quot;,&quot;h6&quot;],&quot;marker_view&quot;:&quot;numbers&quot;,&quot;no_headings_message&quot;:&quot;No headings were found on this page.&quot;,&quot;hierarchical_view&quot;:&quot;yes&quot;,&quot;min_height&quot;:{&quot;unit&quot;:&quot;px&quot;,&quot;size&quot;:&quot;&quot;,&quot;sizes&quot;:[]},&quot;min_height_tablet&quot;:{&quot;unit&quot;:&quot;px&quot;,&quot;size&quot;:&quot;&quot;,&quot;sizes&quot;:[]},&quot;min_height_mobile&quot;:{&quot;unit&quot;:&quot;px&quot;,&quot;size&quot;:&quot;&quot;,&quot;sizes&quot;:[]},&quot;sticky_offset&quot;:0,&quot;sticky_effects_offset&quot;:0,&quot;sticky_anchor_link_offset&quot;:0}\" data-widget_type=\"table-of-contents.default\">\n\t\t\t\t<div class=\"elementor-widget-container\">\n\t\t\t\t\t\t\t\t\t<div class=\"elementor-toc__header\">\n\t\t\t\t\t\t<h4 class=\"elementor-toc__header-title\">\n\t\t\t\tKazalo\t\t\t<\/h4>\n\t\t\t\t\t\t\t\t<\/div>\n\t\t\t\t<div id=\"elementor-toc__5d7e5ec\" class=\"elementor-toc__body\">\n\t\t\t<div class=\"elementor-toc__spinner-container\">\n\t\t\t\t<i class=\"elementor-toc__spinner eicon-animation-spin eicon-loading\" aria-hidden=\"true\"><\/i>\t\t\t<\/div>\n\t\t<\/div>\n\t\t\t\t\t\t<\/div>\n\t\t\t\t<\/div>\n\t\t\t\t\t<\/div>\n\t\t<\/div>\n\t\t\t\t\t<\/div>\n\t\t<\/section>\n\t\t\t\t<\/div>\n\t\t","protected":false},"excerpt":{"rendered":"<p>Varovanje zasebnosti Sipras trgovina d.o.o., Kolovec 9, 1235 Radomlje (v nadaljevanju: podjetje) \u0161\u010diti va\u0161o zasebnost in va\u0161e osebne podatke pred nepoobla\u0161\u010denim dostopanjem, uporabo ali razkritjem, in jih obravnava kot zaupne. Z njimi ravna po\u0161teno in zakonito, v skladu z Uredbo (EU) 2016\/679 Evropskega parlamenta in Sveta z dne 27. aprila 2016 o varstvu posameznikov pri [&hellip;]<\/p>\n","protected":false},"author":1,"featured_media":0,"parent":0,"menu_order":0,"comment_status":"closed","ping_status":"closed","template":"","meta":{"_acf_changed":false,"footnotes":""},"class_list":["post-22015","page","type-page","status-publish","hentry"],"acf":[],"_links":{"self":[{"href":"https:\/\/flipcampingbox.com\/sl\/wp-json\/wp\/v2\/pages\/22015","targetHints":{"allow":["GET"]}}],"collection":[{"href":"https:\/\/flipcampingbox.com\/sl\/wp-json\/wp\/v2\/pages"}],"about":[{"href":"https:\/\/flipcampingbox.com\/sl\/wp-json\/wp\/v2\/types\/page"}],"author":[{"embeddable":true,"href":"https:\/\/flipcampingbox.com\/sl\/wp-json\/wp\/v2\/users\/1"}],"replies":[{"embeddable":true,"href":"https:\/\/flipcampingbox.com\/sl\/wp-json\/wp\/v2\/comments?post=22015"}],"version-history":[{"count":0,"href":"https:\/\/flipcampingbox.com\/sl\/wp-json\/wp\/v2\/pages\/22015\/revisions"}],"wp:attachment":[{"href":"https:\/\/flipcampingbox.com\/sl\/wp-json\/wp\/v2\/media?parent=22015"}],"curies":[{"name":"wp","href":"https:\/\/api.w.org\/{rel}","templated":true}]}}