{"id":30169,"date":"2026-03-01T19:22:03","date_gmt":"2026-03-01T18:22:03","guid":{"rendered":"https:\/\/flipcampingbox.com\/?post_type=product&#038;p=30169"},"modified":"2026-03-01T19:56:15","modified_gmt":"2026-03-01T18:56:15","slug":"sacs-a-fenetre-flip-ensemble-de-2-pieces-wb4-copy","status":"publish","type":"product","link":"https:\/\/flipcampingbox.com\/fr\/shop\/sacs-a-fenetre-flip-ensemble-de-2-pieces-wb4-copy\/","title":{"rendered":"Sacs \u00e0 fen\u00eatre FLIP (ensemble de 2 pi\u00e8ces) #WB5"},"content":{"rendered":"","protected":false},"excerpt":{"rendered":"<p>Une paire de grands sacs qui s\u2019ins\u00e8rent dans les vitres lat\u00e9rales arri\u00e8re pour un stockage suppl\u00e9mentaire. D\u00e9velopp\u00e9 s\u00e9par\u00e9ment pour chaque mod\u00e8le de voiture individuel pour un volume maximal et un ajustement parfait. \u00c9tag\u00e8re amovible et poches utiles pour l&rsquo;organisation.<\/p>\n","protected":false},"featured_media":28930,"template":"","meta":{"_acf_changed":false},"product_brand":[],"product_cat":[385,392],"product_tag":[],"class_list":{"0":"post-30169","1":"product","2":"type-product","3":"status-publish","4":"has-post-thumbnail","6":"product_cat-accessoires","7":"product_cat-flip-sacs-a-fenetre","8":"tm-no-options-pxq","10":"first","11":"instock","12":"sale","13":"shipping-taxable","14":"purchasable","15":"product-type-simple"},"acf":[],"_links":{"self":[{"href":"https:\/\/flipcampingbox.com\/fr\/wp-json\/wp\/v2\/product\/30169","targetHints":{"allow":["GET"]}}],"collection":[{"href":"https:\/\/flipcampingbox.com\/fr\/wp-json\/wp\/v2\/product"}],"about":[{"href":"https:\/\/flipcampingbox.com\/fr\/wp-json\/wp\/v2\/types\/product"}],"wp:featuredmedia":[{"embeddable":true,"href":"https:\/\/flipcampingbox.com\/fr\/wp-json\/wp\/v2\/media\/28930"}],"wp:attachment":[{"href":"https:\/\/flipcampingbox.com\/fr\/wp-json\/wp\/v2\/media?parent=30169"}],"wp:term":[{"taxonomy":"product_brand","embeddable":true,"href":"https:\/\/flipcampingbox.com\/fr\/wp-json\/wp\/v2\/product_brand?post=30169"},{"taxonomy":"product_cat","embeddable":true,"href":"https:\/\/flipcampingbox.com\/fr\/wp-json\/wp\/v2\/product_cat?post=30169"},{"taxonomy":"product_tag","embeddable":true,"href":"https:\/\/flipcampingbox.com\/fr\/wp-json\/wp\/v2\/product_tag?post=30169"}],"curies":[{"name":"wp","href":"https:\/\/api.w.org\/{rel}","templated":true}]}}