{"id":29664,"date":"2025-12-08T16:39:12","date_gmt":"2025-12-08T15:39:12","guid":{"rendered":"https:\/\/flipcampingbox.com\/shop\/pare-brise-rabattable-pour-cuisinieres\/"},"modified":"2026-02-09T03:57:05","modified_gmt":"2026-02-09T02:57:05","slug":"pare-brise-rabattable-pour-cuisinieres","status":"publish","type":"product","link":"https:\/\/flipcampingbox.com\/fr\/shop\/pare-brise-rabattable-pour-cuisinieres\/","title":{"rendered":"Pare-brise rabattable pour cuisini\u00e8res"},"content":{"rendered":"","protected":false},"excerpt":{"rendered":"<p>Pare-brise pliable en aluminium pour po\u00eales. Longueur 83,5cm. Hauteur 24cm. Mat\u00e9riau : aluminium. Tr\u00e8s petit sac pliable pour les petits paquets, sac de rangement pratique inclus.  <\/p>\n","protected":false},"featured_media":29663,"template":"","meta":{"_acf_changed":false},"product_brand":[],"product_cat":[385,387],"product_tag":[],"class_list":{"0":"post-29664","1":"product","2":"type-product","3":"status-publish","4":"has-post-thumbnail","6":"product_cat-accessoires","7":"product_cat-accessoires-universels","8":"tm-no-options-pxq","10":"first","11":"instock","12":"shipping-taxable","13":"purchasable","14":"product-type-simple"},"acf":[],"_links":{"self":[{"href":"https:\/\/flipcampingbox.com\/fr\/wp-json\/wp\/v2\/product\/29664","targetHints":{"allow":["GET"]}}],"collection":[{"href":"https:\/\/flipcampingbox.com\/fr\/wp-json\/wp\/v2\/product"}],"about":[{"href":"https:\/\/flipcampingbox.com\/fr\/wp-json\/wp\/v2\/types\/product"}],"wp:featuredmedia":[{"embeddable":true,"href":"https:\/\/flipcampingbox.com\/fr\/wp-json\/wp\/v2\/media\/29663"}],"wp:attachment":[{"href":"https:\/\/flipcampingbox.com\/fr\/wp-json\/wp\/v2\/media?parent=29664"}],"wp:term":[{"taxonomy":"product_brand","embeddable":true,"href":"https:\/\/flipcampingbox.com\/fr\/wp-json\/wp\/v2\/product_brand?post=29664"},{"taxonomy":"product_cat","embeddable":true,"href":"https:\/\/flipcampingbox.com\/fr\/wp-json\/wp\/v2\/product_cat?post=29664"},{"taxonomy":"product_tag","embeddable":true,"href":"https:\/\/flipcampingbox.com\/fr\/wp-json\/wp\/v2\/product_tag?post=29664"}],"curies":[{"name":"wp","href":"https:\/\/api.w.org\/{rel}","templated":true}]}}