{"id":29654,"date":"2025-12-08T16:40:29","date_gmt":"2025-12-08T15:40:29","guid":{"rendered":"https:\/\/flipcampingbox.com\/shop\/croix-pour-cuisiniere\/"},"modified":"2026-02-09T03:57:02","modified_gmt":"2026-02-09T02:57:02","slug":"croix-pour-cuisiniere","status":"publish","type":"product","link":"https:\/\/flipcampingbox.com\/fr\/shop\/croix-pour-cuisiniere\/","title":{"rendered":"Croix pour cuisini\u00e8re"},"content":{"rendered":"","protected":false},"excerpt":{"rendered":"<p>Emp\u00eache les petites casseroles, po\u00eales et machines \u00e0 espresso de tomber \u00e0 traver<br \/>\nDimensions : 14x14cm. Plus petit \u00d84cm. Mat\u00e9riau : acier chrom\u00e9 <\/p>\n","protected":false},"featured_media":29653,"template":"","meta":{"_acf_changed":false},"product_brand":[],"product_cat":[385,387],"product_tag":[],"class_list":{"0":"post-29654","1":"product","2":"type-product","3":"status-publish","4":"has-post-thumbnail","6":"product_cat-accessoires","7":"product_cat-accessoires-universels","8":"tm-no-options-pxq","10":"first","11":"instock","12":"shipping-taxable","13":"purchasable","14":"product-type-simple"},"acf":[],"_links":{"self":[{"href":"https:\/\/flipcampingbox.com\/fr\/wp-json\/wp\/v2\/product\/29654","targetHints":{"allow":["GET"]}}],"collection":[{"href":"https:\/\/flipcampingbox.com\/fr\/wp-json\/wp\/v2\/product"}],"about":[{"href":"https:\/\/flipcampingbox.com\/fr\/wp-json\/wp\/v2\/types\/product"}],"wp:featuredmedia":[{"embeddable":true,"href":"https:\/\/flipcampingbox.com\/fr\/wp-json\/wp\/v2\/media\/29653"}],"wp:attachment":[{"href":"https:\/\/flipcampingbox.com\/fr\/wp-json\/wp\/v2\/media?parent=29654"}],"wp:term":[{"taxonomy":"product_brand","embeddable":true,"href":"https:\/\/flipcampingbox.com\/fr\/wp-json\/wp\/v2\/product_brand?post=29654"},{"taxonomy":"product_cat","embeddable":true,"href":"https:\/\/flipcampingbox.com\/fr\/wp-json\/wp\/v2\/product_cat?post=29654"},{"taxonomy":"product_tag","embeddable":true,"href":"https:\/\/flipcampingbox.com\/fr\/wp-json\/wp\/v2\/product_tag?post=29654"}],"curies":[{"name":"wp","href":"https:\/\/api.w.org\/{rel}","templated":true}]}}