{"id":28434,"date":"2025-06-29T08:03:31","date_gmt":"2025-06-29T06:03:31","guid":{"rendered":"https:\/\/flipcampingbox.com\/shop\/dometic-tcx-14-glaciere\/"},"modified":"2026-02-09T03:57:03","modified_gmt":"2026-02-09T02:57:03","slug":"dometic-tcx-14-glaciere","status":"publish","type":"product","link":"https:\/\/flipcampingbox.com\/fr\/shop\/dometic-tcx-14-glaciere\/","title":{"rendered":"Dometic TCX-14 Glaci\u00e8re"},"content":{"rendered":"","protected":false},"excerpt":{"rendered":"<p>La glaci\u00e8re thermo\u00e9lectrique Dometic TCX offre un excellent rapport qualit\u00e9-prix. R\u00e9frig\u00e8re jusqu&rsquo;\u00e0 27 \u00b0C en dessous de la temp\u00e9rature ambiante et chauffe jusqu&rsquo;\u00e0 +65 \u00b0C. Il fonctionne sur 12V et 220V.<\/p>\n","protected":false},"featured_media":27786,"template":"","meta":{"_acf_changed":false},"product_brand":[],"product_cat":[385,390],"product_tag":[],"class_list":{"0":"post-28434","1":"product","2":"type-product","3":"status-publish","4":"has-post-thumbnail","6":"product_cat-accessoires","7":"product_cat-glaciere","8":"tm-no-options-pxq","10":"first","11":"instock","12":"sale","13":"shipping-taxable","14":"purchasable","15":"product-type-simple"},"acf":[],"_links":{"self":[{"href":"https:\/\/flipcampingbox.com\/fr\/wp-json\/wp\/v2\/product\/28434","targetHints":{"allow":["GET"]}}],"collection":[{"href":"https:\/\/flipcampingbox.com\/fr\/wp-json\/wp\/v2\/product"}],"about":[{"href":"https:\/\/flipcampingbox.com\/fr\/wp-json\/wp\/v2\/types\/product"}],"wp:featuredmedia":[{"embeddable":true,"href":"https:\/\/flipcampingbox.com\/fr\/wp-json\/wp\/v2\/media\/27786"}],"wp:attachment":[{"href":"https:\/\/flipcampingbox.com\/fr\/wp-json\/wp\/v2\/media?parent=28434"}],"wp:term":[{"taxonomy":"product_brand","embeddable":true,"href":"https:\/\/flipcampingbox.com\/fr\/wp-json\/wp\/v2\/product_brand?post=28434"},{"taxonomy":"product_cat","embeddable":true,"href":"https:\/\/flipcampingbox.com\/fr\/wp-json\/wp\/v2\/product_cat?post=28434"},{"taxonomy":"product_tag","embeddable":true,"href":"https:\/\/flipcampingbox.com\/fr\/wp-json\/wp\/v2\/product_tag?post=28434"}],"curies":[{"name":"wp","href":"https:\/\/api.w.org\/{rel}","templated":true}]}}