{"id":28423,"date":"2025-08-21T09:42:27","date_gmt":"2025-08-21T07:42:27","guid":{"rendered":"https:\/\/flipcampingbox.com\/?post_type=product&#038;p=28423"},"modified":"2026-03-03T08:50:54","modified_gmt":"2026-03-03T07:50:54","slug":"couvre-fenetres-thermiques-flip-3x-cabine-avant-uniquement","status":"publish","type":"product","link":"https:\/\/flipcampingbox.com\/fr\/shop\/couvre-fenetres-thermiques-flip-3x-cabine-avant-uniquement\/","title":{"rendered":"Couvre-fen\u00eatres thermiques FLIP &#8211; cabine avant uniquement (3x)"},"content":{"rendered":"","protected":false},"excerpt":{"rendered":"<p>Couvertures de fen\u00eatre de haute qualit\u00e9 pour toutes les offres de fen\u00eatres plus d\u2019intimit\u00e9, un sommeil plus long et une isolation suppl\u00e9mentaire. Ajust\u00e9 sur mesure pour chaque mod\u00e8le de voiture. <\/p>\n","protected":false},"featured_media":28914,"template":"","meta":{"_acf_changed":false,"_uf_show_specific_survey":0,"_uf_disable_surveys":false},"product_brand":[],"product_cat":[385,391],"product_tag":[],"class_list":{"0":"post-28423","1":"product","2":"type-product","3":"status-publish","4":"has-post-thumbnail","6":"product_cat-accessoires","7":"product_cat-flip-couvertures-de-fenetre","8":"tm-no-options-pxq","10":"first","11":"instock","12":"sale","13":"shipping-taxable","14":"purchasable","15":"product-type-simple"},"acf":[],"aioseo_notices":[],"_links":{"self":[{"href":"https:\/\/flipcampingbox.com\/fr\/wp-json\/wp\/v2\/product\/28423","targetHints":{"allow":["GET"]}}],"collection":[{"href":"https:\/\/flipcampingbox.com\/fr\/wp-json\/wp\/v2\/product"}],"about":[{"href":"https:\/\/flipcampingbox.com\/fr\/wp-json\/wp\/v2\/types\/product"}],"wp:featuredmedia":[{"embeddable":true,"href":"https:\/\/flipcampingbox.com\/fr\/wp-json\/wp\/v2\/media\/28914"}],"wp:attachment":[{"href":"https:\/\/flipcampingbox.com\/fr\/wp-json\/wp\/v2\/media?parent=28423"}],"wp:term":[{"taxonomy":"product_brand","embeddable":true,"href":"https:\/\/flipcampingbox.com\/fr\/wp-json\/wp\/v2\/product_brand?post=28423"},{"taxonomy":"product_cat","embeddable":true,"href":"https:\/\/flipcampingbox.com\/fr\/wp-json\/wp\/v2\/product_cat?post=28423"},{"taxonomy":"product_tag","embeddable":true,"href":"https:\/\/flipcampingbox.com\/fr\/wp-json\/wp\/v2\/product_tag?post=28423"}],"curies":[{"name":"wp","href":"https:\/\/api.w.org\/{rel}","templated":true}]}}