{"id":28421,"date":"2025-06-29T08:14:08","date_gmt":"2025-06-29T06:14:08","guid":{"rendered":"https:\/\/flipcampingbox.com\/shop\/flip-couvertures-de-fenetre-8x-toutes-les-fenetres\/"},"modified":"2026-03-03T08:51:23","modified_gmt":"2026-03-03T07:51:23","slug":"flip-couvertures-de-fenetre-8x-toutes-les-fenetres","status":"publish","type":"product","link":"https:\/\/flipcampingbox.com\/fr\/shop\/flip-couvertures-de-fenetre-8x-toutes-les-fenetres\/","title":{"rendered":"Couvre-fen\u00eatres thermiques FLIP &#8211; pour toutes les fen\u00eatres"},"content":{"rendered":"","protected":false},"excerpt":{"rendered":"<p>Couvertures de fen\u00eatre de haute qualit\u00e9 pour toutes les offres de fen\u00eatres plus d\u2019intimit\u00e9, un sommeil plus long et une isolation suppl\u00e9mentaire. Ajust\u00e9 sur mesure pour chaque mod\u00e8le de voiture. <\/p>\n","protected":false},"featured_media":28634,"template":"","meta":{"_acf_changed":false},"product_brand":[],"product_cat":[385,391],"product_tag":[],"class_list":{"0":"post-28421","1":"product","2":"type-product","3":"status-publish","4":"has-post-thumbnail","6":"product_cat-accessoires","7":"product_cat-flip-couvertures-de-fenetre","8":"tm-no-options-pxq","10":"first","11":"instock","12":"sale","13":"shipping-taxable","14":"purchasable","15":"product-type-simple"},"acf":[],"_links":{"self":[{"href":"https:\/\/flipcampingbox.com\/fr\/wp-json\/wp\/v2\/product\/28421","targetHints":{"allow":["GET"]}}],"collection":[{"href":"https:\/\/flipcampingbox.com\/fr\/wp-json\/wp\/v2\/product"}],"about":[{"href":"https:\/\/flipcampingbox.com\/fr\/wp-json\/wp\/v2\/types\/product"}],"wp:featuredmedia":[{"embeddable":true,"href":"https:\/\/flipcampingbox.com\/fr\/wp-json\/wp\/v2\/media\/28634"}],"wp:attachment":[{"href":"https:\/\/flipcampingbox.com\/fr\/wp-json\/wp\/v2\/media?parent=28421"}],"wp:term":[{"taxonomy":"product_brand","embeddable":true,"href":"https:\/\/flipcampingbox.com\/fr\/wp-json\/wp\/v2\/product_brand?post=28421"},{"taxonomy":"product_cat","embeddable":true,"href":"https:\/\/flipcampingbox.com\/fr\/wp-json\/wp\/v2\/product_cat?post=28421"},{"taxonomy":"product_tag","embeddable":true,"href":"https:\/\/flipcampingbox.com\/fr\/wp-json\/wp\/v2\/product_tag?post=28421"}],"curies":[{"name":"wp","href":"https:\/\/api.w.org\/{rel}","templated":true}]}}