{"id":28415,"date":"2025-06-29T07:59:44","date_gmt":"2025-06-29T05:59:44","guid":{"rendered":"https:\/\/flipcampingbox.com\/shop\/flip-bed-covers-100-cotton-olive\/"},"modified":"2026-02-09T03:57:03","modified_gmt":"2026-02-09T02:57:03","slug":"flip-bed-covers-100-cotton-olive","status":"publish","type":"product","link":"https:\/\/flipcampingbox.com\/fr\/shop\/flip-bed-covers-100-cotton-olive\/","title":{"rendered":"FLIP Bed Covers &#8211; 100% Cotton &#8211; Olive"},"content":{"rendered":"","protected":false},"excerpt":{"rendered":"<p>Draps de lit faits \u00e0 la main de haute qualit\u00e9 adapt\u00e9s \u00e0 chaque ensemble de coussins, ce qui facilite leur d\u00e9placement dans la voiture.<\/p>\n","protected":false},"featured_media":27373,"template":"","meta":{"_acf_changed":false},"product_brand":[],"product_cat":[385,386],"product_tag":[],"class_list":{"0":"post-28415","1":"product","2":"type-product","3":"status-publish","4":"has-post-thumbnail","6":"product_cat-accessoires","7":"product_cat-flip-couvre-lits","8":"tm-no-options-pxq","10":"first","11":"instock","12":"shipping-taxable","13":"purchasable","14":"product-type-simple"},"acf":[],"_links":{"self":[{"href":"https:\/\/flipcampingbox.com\/fr\/wp-json\/wp\/v2\/product\/28415","targetHints":{"allow":["GET"]}}],"collection":[{"href":"https:\/\/flipcampingbox.com\/fr\/wp-json\/wp\/v2\/product"}],"about":[{"href":"https:\/\/flipcampingbox.com\/fr\/wp-json\/wp\/v2\/types\/product"}],"wp:featuredmedia":[{"embeddable":true,"href":"https:\/\/flipcampingbox.com\/fr\/wp-json\/wp\/v2\/media\/27373"}],"wp:attachment":[{"href":"https:\/\/flipcampingbox.com\/fr\/wp-json\/wp\/v2\/media?parent=28415"}],"wp:term":[{"taxonomy":"product_brand","embeddable":true,"href":"https:\/\/flipcampingbox.com\/fr\/wp-json\/wp\/v2\/product_brand?post=28415"},{"taxonomy":"product_cat","embeddable":true,"href":"https:\/\/flipcampingbox.com\/fr\/wp-json\/wp\/v2\/product_cat?post=28415"},{"taxonomy":"product_tag","embeddable":true,"href":"https:\/\/flipcampingbox.com\/fr\/wp-json\/wp\/v2\/product_tag?post=28415"}],"curies":[{"name":"wp","href":"https:\/\/api.w.org\/{rel}","templated":true}]}}