{"id":22097,"date":"2022-06-01T11:52:28","date_gmt":"2022-06-01T09:52:28","guid":{"rendered":"http:\/\/flipcampingbox.com\/?page_id=22097"},"modified":"2022-06-26T18:42:30","modified_gmt":"2022-06-26T16:42:30","slug":"protection-de-la-vie-privee","status":"publish","type":"page","link":"https:\/\/flipcampingbox.com\/fr\/protection-de-la-vie-privee\/","title":{"rendered":"Protection de la vie priv\u00e9e"},"content":{"rendered":"\t\t<div data-elementor-type=\"wp-page\" data-elementor-id=\"22097\" class=\"elementor elementor-22097 elementor-17071\" data-elementor-post-type=\"page\">\n\t\t\t\t\t\t<section class=\"elementor-section elementor-top-section elementor-element elementor-element-51ce465 elementor-section-stretched elementor-section-boxed elementor-section-height-default elementor-section-height-default\" data-id=\"51ce465\" data-element_type=\"section\" data-e-type=\"section\" data-settings=\"{&quot;stretch_section&quot;:&quot;section-stretched&quot;,&quot;background_background&quot;:&quot;classic&quot;}\">\n\t\t\t\t\t\t<div class=\"elementor-container elementor-column-gap-default\">\n\t\t\t\t\t<div class=\"elementor-column elementor-col-100 elementor-top-column elementor-element elementor-element-d9407ec\" data-id=\"d9407ec\" data-element_type=\"column\" data-e-type=\"column\">\n\t\t\t<div class=\"elementor-widget-wrap elementor-element-populated\">\n\t\t\t\t\t\t<div class=\"elementor-element elementor-element-0894486 elementor-widget elementor-widget-heading\" data-id=\"0894486\" data-element_type=\"widget\" data-e-type=\"widget\" data-widget_type=\"heading.default\">\n\t\t\t\t<div class=\"elementor-widget-container\">\n\t\t\t\t\t<h1 class=\"elementor-heading-title elementor-size-default\">Protection de la vie priv\u00e9e<\/h1>\t\t\t\t<\/div>\n\t\t\t\t<\/div>\n\t\t\t\t\t<\/div>\n\t\t<\/div>\n\t\t\t\t\t<\/div>\n\t\t<\/section>\n\t\t\t\t<section class=\"elementor-section elementor-top-section elementor-element elementor-element-cfedbae elementor-reverse-mobile elementor-section-boxed elementor-section-height-default elementor-section-height-default\" data-id=\"cfedbae\" data-element_type=\"section\" data-e-type=\"section\">\n\t\t\t\t\t\t<div class=\"elementor-container elementor-column-gap-wider\">\n\t\t\t\t\t<div class=\"elementor-column elementor-col-66 elementor-top-column elementor-element elementor-element-63c3ee9\" data-id=\"63c3ee9\" data-element_type=\"column\" data-e-type=\"column\">\n\t\t\t<div class=\"elementor-widget-wrap elementor-element-populated\">\n\t\t\t\t\t\t<div class=\"elementor-element elementor-element-baa4d61 elementor-widget elementor-widget-text-editor\" data-id=\"baa4d61\" data-element_type=\"widget\" data-e-type=\"widget\" data-widget_type=\"text-editor.default\">\n\t\t\t\t<div class=\"elementor-widget-container\">\n\t\t\t\t\t\t\t\t\t<p>Sipras trgovina d.o.o., Kolovec 9, 1235 Radomlje (ci-apr\u00e8s d\u00e9nomm\u00e9e\u00a0: la soci\u00e9t\u00e9) prot\u00e8ge votre vie priv\u00e9e et vos donn\u00e9es personnelles face \u00e0 l\u2019acc\u00e8s, l\u2019utilisation ou la divulgation non autoris\u00e9s, et les traite comme confidentielles. La soci\u00e9t\u00e9 les traite loyalement et licitement, conform\u00e9ment au r\u00e8glement (UE) 2016\/679 du Parlement europ\u00e9en et du Conseil europ\u00e9en dat\u00e9 du 27 avril 2016 relatif \u00e0 la protection des personnes \u00e0 l\u2019\u00e9gard du traitement des donn\u00e9es \u00e0 caract\u00e8re personnel et \u00e0 la libre circulation de ces donn\u00e9es en abrogeant la directive 95\/46\/CE (ci-apr\u00e8s d\u00e9nomm\u00e9e\u00a0: R\u00e8glement g\u00e9n\u00e9ral sur la protection des donn\u00e9es).<\/p><p><b>Si vous souhaitez cesser de recevoir les messages de la soci\u00e9t\u00e9 et ainsi supprimer vos donn\u00e9es de la base de donn\u00e9es de la soci\u00e9t\u00e9, vous pouvez le faire en cliquant sur le lien D\u00c9SABONNEMENT \u00e0 la fin de tous les messages de la soci\u00e9t\u00e9, ou vous pouvez \u00e9crire \u00e0 l\u2019adresse info@flipcampingbox.com pour demander votre d\u00e9sabonnement.<\/b><\/p><h3><b>Le responsable du traitement de la protection des donn\u00e9es et son d\u00e9l\u00e9gu\u00e9<\/b><\/h3><p>Le responsable du traitement des donn\u00e9es personnelles collect\u00e9es, trait\u00e9es et stock\u00e9es par la soci\u00e9t\u00e9 est Sipras trgovina d.o.o., Kolovec 9, 1235 Radomlje. La personne mandat\u00e9e pour la protection des donn\u00e9es dans la soci\u00e9t\u00e9 est Irena Razinger (info@flipcampingbox.com).<\/p><h3><b>Finalit\u00e9s, bases et types de traitement des diff\u00e9rents types de donn\u00e9es personnelles<\/b><\/h3><p>La soci\u00e9t\u00e9 collecte, traite et stocke les donn\u00e9es personnelles sur la base d\u2019un contrat, d\u2019un consentement ou d\u2019un accord, d\u2019une loi et\/ou d\u2019un int\u00e9r\u00eat l\u00e9gitime pour remplir les obligations contractuelles (communication commerciale li\u00e9e \u00e0 l\u2019achat d\u2019un client ou \u00e0 son abonnement aux newsletters et au contenu promotionnel), y compris l\u2019information, le marketing direct et la publicit\u00e9, la segmentation pour un contenu utile personnalis\u00e9 sur le site Web, par le biais de courriers \u00e9lectroniques et de publicit\u00e9s sur les r\u00e9seaux sociaux, et la gestion d\u2019activit\u00e9s \u00e0 des fins comptables.<\/p><p>Aucune personne n\u2019est ajout\u00e9e \u00e0 la base de donn\u00e9es de la soci\u00e9t\u00e9 sans son consentement \u00e9crit explicite, son inscription volontaire par le biais du formulaire en ligne ou une base contractuelle.<\/p><p>La soci\u00e9t\u00e9 utilise des donn\u00e9es personnelles pour envoyer des contenus gratuits et proposer des services et produits payants par les canaux suivants\u00a0: e-mail, courrier, t\u00e9l\u00e9phone.<\/p><p>Le site Web flipcampingbox.com (et toutes les sites ind\u00e9pendants associ\u00e9s) permet de personnaliser l\u2019exp\u00e9rience en ligne gr\u00e2ce aux cookies. Un cookie est un fichier texte plac\u00e9 sur votre disque dur par un serveur de site Web. Les cookies ne peuvent pas \u00eatre utilis\u00e9s pour ex\u00e9cuter des programmes ou transmettre des virus \u00e0 un ordinateur. Les cookies sont attribu\u00e9s de mani\u00e8re uniforme \u00e0 une personne et ne peuvent \u00eatre lus que par le serveur Web du domaine qui a \u00e9mis le cookie pour cette personne. Leur utilisation sur le site Web vise notamment \u00e0 am\u00e9liorer le contenu et l\u2019offre en fonction de l\u2019analyse des visites ainsi que de la popularit\u00e9 de chaque site. Si vous le souhaitez, vous pouvez \u00e0 tout moment d\u00e9sactiver les cookies sur votre ordinateur. Vous pouvez contr\u00f4ler et modifier les param\u00e8tres des cookies dans votre navigateur Web. Si vous d\u00e9sactivez les cookies, certaines options du site Web seront d\u00e9sactiv\u00e9es.<\/p><h3><b>Donn\u00e9es personnelles soumises \u00e0 la protection de la vie priv\u00e9e<\/b><\/h3><p>Pour les besoins commerciaux de la soci\u00e9t\u00e9 et du site flipcampingbox.com, la soci\u00e9t\u00e9 collecte les donn\u00e9es personnelles, telles que l\u2019adresse \u00e9lectronique, le pr\u00e9nom, le nom, l\u2019adresse du domicile ou du travail, le num\u00e9ro de t\u00e9l\u00e9phone et les donn\u00e9es concernant la soci\u00e9t\u00e9 (notamment pour l\u2019\u00e9mission de devis et de factures), afin de partager gratuitement des informations utiles, les transactions ou les notifications effectu\u00e9es.<\/p><p>Les informations que vous divulguez volontairement par publication sur le site Web, par exemple, dans vos commentaires ou votre opinion, ne sont pas soumises \u00e0 la protection de la vie priv\u00e9e.<\/p><p>La soci\u00e9t\u00e9 ne collecte pas les donn\u00e9es des personnes de moins de 18 ans, si la soci\u00e9t\u00e9 en a \u00e9t\u00e9 inform\u00e9e, tant que la transmission des donn\u00e9es n\u2019a pas \u00e9t\u00e9 approuv\u00e9e par leur repr\u00e9sentant l\u00e9gal. Ce dernier peut \u00e0 tout moment demander \u00e0 la soci\u00e9t\u00e9 acc\u00e8s aux donn\u00e9es fournies par le mineur et demander leur retrait de la base de donn\u00e9es de la soci\u00e9t\u00e9.<\/p><h3><b>Droits relatifs au traitement des donn\u00e9es personnelles<\/b><\/h3><p>La soci\u00e9t\u00e9 garantit, sans retard injustifi\u00e9, l\u2019exercice des droits relatifs au traitement des donn\u00e9es personnelles au plus tard dans le mois suivant la r\u00e9ception de la demande \u00e0 l\u2019adresse \u00e9lectronique info@sipras.si.<\/p><p>Ces droits sont\u00a0:<br \/>\u2013 Le droit d\u2019acc\u00e8s aux donn\u00e9es (\u00e0 la demande de la personne, la soci\u00e9t\u00e9 fournit une copie de ses donn\u00e9es personnelles en cours de traitement ou de stockage)<br \/>\u2013 Le droit de rectification (des donn\u00e9es inexactes et compl\u00e9ment de donn\u00e9es personnelles incompl\u00e8tes)<br \/>\u2013 Le droit d\u2019effacement (c\u2019est-\u00e0-dire le droit \u00e0 l\u2019oubli)<br \/>\u2013 Le droit \u00e0 la limitation du traitement<br \/>\u2013 Le droit \u00e0 la portabilit\u00e9 des donn\u00e9es (pour transmission \u00e0 un autre prestataire sous une forme structur\u00e9e, couramment utilis\u00e9e et lisible m\u00e9caniquement)<br \/>\u2013 Le droit d\u2019opposition (par exemple au traitement des donn\u00e9es \u00e0 des fins de marketing et de profilage\u00a0; si le marketing est bas\u00e9 sur un consentement donn\u00e9, le droit d\u2019opposition peut \u00eatre exerc\u00e9 par r\u00e9vocation).<br \/>\u2013 Le droit de d\u00e9p\u00f4t de plainte concernant le traitement des donn\u00e9es personnelles (dans l\u2019entreprise, aupr\u00e8s du commissaire \u00e0 l\u2019information)<\/p><h3><b>Dur\u00e9e de conservation<\/b><\/h3><p>Toutes les donn\u00e9es relatives \u00e0 la facturation et aux paiements, incluant les coordonn\u00e9es et les factures, doivent \u00eatre conserv\u00e9es pendant 10 ans \u00e0 compter du paiement int\u00e9gral des prestations.<\/p><p>Si les donn\u00e9es sont trait\u00e9es et stock\u00e9es sur la base du consentement ou d\u2019un accord, elles doivent \u00eatre conserv\u00e9es jusqu\u2019\u00e0 leur r\u00e9vocation. En cas de base contractuelle, elles sont conserv\u00e9es jusqu\u2019\u00e0 la fin du contrat.<\/p><h3><b>Protection de la vie priv\u00e9e et divulgation des donn\u00e9es<\/b><\/h3><p>La soci\u00e9t\u00e9 divulgue vos donn\u00e9es personnelles sans pr\u00e9avis uniquement si la loi l\u2019exige ou si de bonne foi la soci\u00e9t\u00e9 croit qu\u2019il est n\u00e9cessaire de\u00a0: (a) se conformer \u00e0 la loi ou aux proc\u00e9dures l\u00e9gales\u00a0; (b) prot\u00e9ger et sauvegarder les droits ou la propri\u00e9t\u00e9 du site et de la soci\u00e9t\u00e9\u00a0; et (c) d\u2019agir en cas d\u2019urgence de fa\u00e7on \u00e0 prot\u00e9ger la s\u00e9curit\u00e9 personnelle des utilisateurs du site ou du public.<\/p><p>La soci\u00e9t\u00e9 ne vend ni ne loue les listes de ses clients potentiels ou des clients d\u2019autres entreprises, \u00e0 l\u2019exception de celles qui sont impliqu\u00e9es dans le processus commercial \u00e0 un niveau contractuel, comme le paiement, le courrier \u00e9lectronique ou le courrier postal, l\u2019assistance \u00e0 l\u2019administration, le service \u00e0 la client\u00e8le, l\u2019organisation de la livraison, la vente et le marketing, etc. Il est interdit \u00e0 toutes ces autres personnes ou soci\u00e9t\u00e9s d\u2019utiliser ces donn\u00e9es personnelles \u00e0 des fins autres que la fourniture de services \u00e0 la soci\u00e9t\u00e9. Ils sont tenus d\u2019utiliser vos donn\u00e9es personnelles avec le m\u00eame soin que la soci\u00e9t\u00e9.<\/p><h3><b>Validit\u00e9 de la d\u00e9claration de protection de la vie priv\u00e9e, questions et r\u00e9solution des litiges<\/b><\/h3><p>La d\u00e9claration de protection de la vie priv\u00e9e est entr\u00e9e en vigueur le 1er mai 2019.<\/p><p>La soci\u00e9t\u00e9, pouvant parfois mettre \u00e0 jour cette d\u00e9claration de protection de la vie priv\u00e9e, vous encourage donc \u00e0 la consulter r\u00e9guli\u00e8rement pour \u00eatre inform\u00e9 des modes de protection de vos donn\u00e9es. La date de la derni\u00e8re mise \u00e0 jour est indiqu\u00e9e \u00e0 la fin de la d\u00e9claration de protection de la vie priv\u00e9e.<\/p><p>Si vous avez des questions concernant la protection de la vie priv\u00e9e et de la confidentialit\u00e9 de vos donn\u00e9es, veuillez envoyer un e-mail \u00e0 l\u2019adresse info@flipcampingbox.com. Vous recevrez une r\u00e9ponse dans les plus brefs d\u00e9lais.<\/p><p>La d\u00e9claration de protection de la vie priv\u00e9e est soumise \u00e0 la l\u00e9gislation de la R\u00e9publique de Slov\u00e9nie.<\/p><p>Tout \u00e9ventuel litige sera r\u00e9solu par le tribunal de la R\u00e9publique de Slov\u00e9nie ayant comp\u00e9tence mat\u00e9rielle et territoriale.<\/p><p>Si une partie de cette d\u00e9claration de protection de la vie priv\u00e9e est jug\u00e9e invalide ou inapplicable en vertu de la loi applicable, elle sera remplac\u00e9e par une disposition valide ou applicable convenant le mieux \u00e0 l\u2019objectif de la disposition originale. Le reste de la d\u00e9claration de protection de la vie priv\u00e9e reste valide.<\/p><p>Date de la derni\u00e8re mise \u00e0 jour\u00a0: 19\/05\/2019<\/p>\t\t\t\t\t\t\t\t<\/div>\n\t\t\t\t<\/div>\n\t\t\t\t\t<\/div>\n\t\t<\/div>\n\t\t\t\t<div class=\"elementor-column elementor-col-33 elementor-top-column elementor-element elementor-element-1e36118\" data-id=\"1e36118\" data-element_type=\"column\" data-e-type=\"column\">\n\t\t\t<div class=\"elementor-widget-wrap elementor-element-populated\">\n\t\t\t\t\t\t<div class=\"elementor-element elementor-element-5d7e5ec elementor-widget elementor-widget-table-of-contents\" data-id=\"5d7e5ec\" data-element_type=\"widget\" data-e-type=\"widget\" data-settings=\"{&quot;exclude_headings_by_selector&quot;:[],&quot;sticky&quot;:&quot;top&quot;,&quot;sticky_on&quot;:[&quot;desktop&quot;],&quot;headings_by_tags&quot;:[&quot;h2&quot;,&quot;h3&quot;,&quot;h4&quot;,&quot;h5&quot;,&quot;h6&quot;],&quot;marker_view&quot;:&quot;numbers&quot;,&quot;no_headings_message&quot;:&quot;Aucun titre n\\u2019a \\u00e9t\\u00e9 trouv\\u00e9 sur cette page.&quot;,&quot;hierarchical_view&quot;:&quot;yes&quot;,&quot;min_height&quot;:{&quot;unit&quot;:&quot;px&quot;,&quot;size&quot;:&quot;&quot;,&quot;sizes&quot;:[]},&quot;min_height_tablet&quot;:{&quot;unit&quot;:&quot;px&quot;,&quot;size&quot;:&quot;&quot;,&quot;sizes&quot;:[]},&quot;min_height_mobile&quot;:{&quot;unit&quot;:&quot;px&quot;,&quot;size&quot;:&quot;&quot;,&quot;sizes&quot;:[]},&quot;sticky_offset&quot;:0,&quot;sticky_effects_offset&quot;:0,&quot;sticky_anchor_link_offset&quot;:0}\" data-widget_type=\"table-of-contents.default\">\n\t\t\t\t<div class=\"elementor-widget-container\">\n\t\t\t\t\t\t\t\t\t<div class=\"elementor-toc__header\">\n\t\t\t\t\t\t<h4 class=\"elementor-toc__header-title\">\n\t\t\t\tTable des mati\u00e8res\t\t\t<\/h4>\n\t\t\t\t\t\t\t\t<\/div>\n\t\t\t\t<div id=\"elementor-toc__5d7e5ec\" class=\"elementor-toc__body\">\n\t\t\t<div class=\"elementor-toc__spinner-container\">\n\t\t\t\t<i class=\"elementor-toc__spinner eicon-animation-spin eicon-loading\" aria-hidden=\"true\"><\/i>\t\t\t<\/div>\n\t\t<\/div>\n\t\t\t\t\t\t<\/div>\n\t\t\t\t<\/div>\n\t\t\t\t\t<\/div>\n\t\t<\/div>\n\t\t\t\t\t<\/div>\n\t\t<\/section>\n\t\t\t\t<\/div>\n\t\t","protected":false},"excerpt":{"rendered":"<p>Protection de la vie priv\u00e9e Sipras trgovina d.o.o., Kolovec 9, 1235 Radomlje (ci-apr\u00e8s d\u00e9nomm\u00e9e\u00a0: la soci\u00e9t\u00e9) prot\u00e8ge votre vie priv\u00e9e et vos donn\u00e9es personnelles face \u00e0 l\u2019acc\u00e8s, l\u2019utilisation ou la divulgation non autoris\u00e9s, et les traite comme confidentielles. La soci\u00e9t\u00e9 les traite loyalement et licitement, conform\u00e9ment au r\u00e8glement (UE) 2016\/679 du Parlement europ\u00e9en et du [&hellip;]<\/p>\n","protected":false},"author":1,"featured_media":0,"parent":0,"menu_order":0,"comment_status":"closed","ping_status":"closed","template":"","meta":{"_acf_changed":false,"_uf_show_specific_survey":0,"_uf_disable_surveys":false,"footnotes":""},"class_list":["post-22097","page","type-page","status-publish","hentry"],"acf":[],"aioseo_notices":[],"_links":{"self":[{"href":"https:\/\/flipcampingbox.com\/fr\/wp-json\/wp\/v2\/pages\/22097","targetHints":{"allow":["GET"]}}],"collection":[{"href":"https:\/\/flipcampingbox.com\/fr\/wp-json\/wp\/v2\/pages"}],"about":[{"href":"https:\/\/flipcampingbox.com\/fr\/wp-json\/wp\/v2\/types\/page"}],"author":[{"embeddable":true,"href":"https:\/\/flipcampingbox.com\/fr\/wp-json\/wp\/v2\/users\/1"}],"replies":[{"embeddable":true,"href":"https:\/\/flipcampingbox.com\/fr\/wp-json\/wp\/v2\/comments?post=22097"}],"version-history":[{"count":0,"href":"https:\/\/flipcampingbox.com\/fr\/wp-json\/wp\/v2\/pages\/22097\/revisions"}],"wp:attachment":[{"href":"https:\/\/flipcampingbox.com\/fr\/wp-json\/wp\/v2\/media?parent=22097"}],"curies":[{"name":"wp","href":"https:\/\/api.w.org\/{rel}","templated":true}]}}