{"id":30168,"date":"2026-03-01T19:22:03","date_gmt":"2026-03-01T18:22:03","guid":{"rendered":"https:\/\/flipcampingbox.com\/?post_type=product&#038;p=30168"},"modified":"2026-03-01T19:55:52","modified_gmt":"2026-03-01T18:55:52","slug":"flip-fenstertaschen-2er-set-wb4-copy","status":"publish","type":"product","link":"https:\/\/flipcampingbox.com\/de\/shop\/flip-fenstertaschen-2er-set-wb4-copy\/","title":{"rendered":"FLIP Fenstertaschen (2er Set) #WB5"},"content":{"rendered":"","protected":false},"excerpt":{"rendered":"<p>Ein Paar gro\u00dfe Taschen, die f\u00fcr zus\u00e4tzlichen Stauraum in die hinteren Seitenfenster passen. F\u00fcr jedes einzelne Automodell separat entwickelt f\u00fcr maximales Volumen und perfekte Passform. Herausnehmbares Regal und n\u00fctzliche Taschen f\u00fcr die Organisation.<\/p>\n","protected":false},"featured_media":28931,"template":"","meta":{"_acf_changed":false},"product_brand":[],"product_cat":[402,401],"product_tag":[],"class_list":{"0":"post-30168","1":"product","2":"type-product","3":"status-publish","4":"has-post-thumbnail","6":"product_cat-flip-fenstertaschen","7":"product_cat-zubehor","8":"tm-no-options-pxq","10":"first","11":"instock","12":"sale","13":"shipping-taxable","14":"purchasable","15":"product-type-simple"},"acf":[],"_links":{"self":[{"href":"https:\/\/flipcampingbox.com\/de\/wp-json\/wp\/v2\/product\/30168","targetHints":{"allow":["GET"]}}],"collection":[{"href":"https:\/\/flipcampingbox.com\/de\/wp-json\/wp\/v2\/product"}],"about":[{"href":"https:\/\/flipcampingbox.com\/de\/wp-json\/wp\/v2\/types\/product"}],"wp:featuredmedia":[{"embeddable":true,"href":"https:\/\/flipcampingbox.com\/de\/wp-json\/wp\/v2\/media\/28931"}],"wp:attachment":[{"href":"https:\/\/flipcampingbox.com\/de\/wp-json\/wp\/v2\/media?parent=30168"}],"wp:term":[{"taxonomy":"product_brand","embeddable":true,"href":"https:\/\/flipcampingbox.com\/de\/wp-json\/wp\/v2\/product_brand?post=30168"},{"taxonomy":"product_cat","embeddable":true,"href":"https:\/\/flipcampingbox.com\/de\/wp-json\/wp\/v2\/product_cat?post=30168"},{"taxonomy":"product_tag","embeddable":true,"href":"https:\/\/flipcampingbox.com\/de\/wp-json\/wp\/v2\/product_tag?post=30168"}],"curies":[{"name":"wp","href":"https:\/\/api.w.org\/{rel}","templated":true}]}}