{"id":29656,"date":"2025-12-08T16:40:29","date_gmt":"2025-12-08T15:40:29","guid":{"rendered":"https:\/\/flipcampingbox.com\/shop\/topfkreuz-fuer-kocher\/"},"modified":"2026-02-09T03:57:02","modified_gmt":"2026-02-09T02:57:02","slug":"topfkreuz-fuer-kocher","status":"publish","type":"product","link":"https:\/\/flipcampingbox.com\/de\/shop\/topfkreuz-fuer-kocher\/","title":{"rendered":"Topfkreuz f\u00fcr Kocher"},"content":{"rendered":"","protected":false},"excerpt":{"rendered":"<p>Topfkreuz \/ Aufsatz f\u00fcr Kocher zur Nutzung kleinerer T\u00f6pfe, Pfannen, Espressokocher auf Kocher. Verhindert das Durchfallen und ist als Aufsatz f\u00fcr Campingkocher geeignet.<br \/>\nGr\u00f6\u00dfe: 14 x 14 cm, kleinster Durchmesser 4 cm. Material: verchromter Stahl. <\/p>\n","protected":false},"featured_media":29655,"template":"","meta":{"_acf_changed":false},"product_brand":[],"product_cat":[404,401],"product_tag":[],"class_list":{"0":"post-29656","1":"product","2":"type-product","3":"status-publish","4":"has-post-thumbnail","6":"product_cat-universelles-zubehor","7":"product_cat-zubehor","8":"tm-no-options-pxq","10":"first","11":"instock","12":"shipping-taxable","13":"purchasable","14":"product-type-simple"},"acf":[],"_links":{"self":[{"href":"https:\/\/flipcampingbox.com\/de\/wp-json\/wp\/v2\/product\/29656","targetHints":{"allow":["GET"]}}],"collection":[{"href":"https:\/\/flipcampingbox.com\/de\/wp-json\/wp\/v2\/product"}],"about":[{"href":"https:\/\/flipcampingbox.com\/de\/wp-json\/wp\/v2\/types\/product"}],"wp:featuredmedia":[{"embeddable":true,"href":"https:\/\/flipcampingbox.com\/de\/wp-json\/wp\/v2\/media\/29655"}],"wp:attachment":[{"href":"https:\/\/flipcampingbox.com\/de\/wp-json\/wp\/v2\/media?parent=29656"}],"wp:term":[{"taxonomy":"product_brand","embeddable":true,"href":"https:\/\/flipcampingbox.com\/de\/wp-json\/wp\/v2\/product_brand?post=29656"},{"taxonomy":"product_cat","embeddable":true,"href":"https:\/\/flipcampingbox.com\/de\/wp-json\/wp\/v2\/product_cat?post=29656"},{"taxonomy":"product_tag","embeddable":true,"href":"https:\/\/flipcampingbox.com\/de\/wp-json\/wp\/v2\/product_tag?post=29656"}],"curies":[{"name":"wp","href":"https:\/\/api.w.org\/{rel}","templated":true}]}}