{"id":28492,"date":"2025-06-29T08:03:31","date_gmt":"2025-06-29T06:03:31","guid":{"rendered":"https:\/\/flipcampingbox.com\/shop\/dometic-tcx-14-kuehlbox\/"},"modified":"2026-02-09T03:57:03","modified_gmt":"2026-02-09T02:57:03","slug":"dometic-tcx-14-kuehlbox","status":"publish","type":"product","link":"https:\/\/flipcampingbox.com\/de\/shop\/dometic-tcx-14-kuehlbox\/","title":{"rendered":"Dometic TCX-14 K\u00fchlbox"},"content":{"rendered":"","protected":false},"excerpt":{"rendered":"<p>Die thermoelektrische Dometic TCX K\u00fchlbox bietet ein hervorragendes Preis-Leistungs-Verh\u00e4ltnis. K\u00fchlt bis 27 \u00b0C unter Umgebungstemperatur und heizt bis +65 \u00b0C. Es arbeitet mit 12V und 220V.<\/p>\n","protected":false},"featured_media":27787,"template":"","meta":{"_acf_changed":false},"product_brand":[],"product_cat":[407,401],"product_tag":[],"class_list":{"0":"post-28492","1":"product","2":"type-product","3":"status-publish","4":"has-post-thumbnail","6":"product_cat-kuhlbox","7":"product_cat-zubehor","8":"tm-no-options-pxq","10":"first","11":"instock","12":"sale","13":"shipping-taxable","14":"purchasable","15":"product-type-simple"},"acf":[],"_links":{"self":[{"href":"https:\/\/flipcampingbox.com\/de\/wp-json\/wp\/v2\/product\/28492","targetHints":{"allow":["GET"]}}],"collection":[{"href":"https:\/\/flipcampingbox.com\/de\/wp-json\/wp\/v2\/product"}],"about":[{"href":"https:\/\/flipcampingbox.com\/de\/wp-json\/wp\/v2\/types\/product"}],"wp:featuredmedia":[{"embeddable":true,"href":"https:\/\/flipcampingbox.com\/de\/wp-json\/wp\/v2\/media\/27787"}],"wp:attachment":[{"href":"https:\/\/flipcampingbox.com\/de\/wp-json\/wp\/v2\/media?parent=28492"}],"wp:term":[{"taxonomy":"product_brand","embeddable":true,"href":"https:\/\/flipcampingbox.com\/de\/wp-json\/wp\/v2\/product_brand?post=28492"},{"taxonomy":"product_cat","embeddable":true,"href":"https:\/\/flipcampingbox.com\/de\/wp-json\/wp\/v2\/product_cat?post=28492"},{"taxonomy":"product_tag","embeddable":true,"href":"https:\/\/flipcampingbox.com\/de\/wp-json\/wp\/v2\/product_tag?post=28492"}],"curies":[{"name":"wp","href":"https:\/\/api.w.org\/{rel}","templated":true}]}}