{"id":28469,"date":"2025-06-29T08:14:08","date_gmt":"2025-06-29T06:14:08","guid":{"rendered":"https:\/\/flipcampingbox.com\/shop\/flip-fensterabdeckungen-8x-alle-fenster\/"},"modified":"2026-03-03T08:52:43","modified_gmt":"2026-03-03T07:52:43","slug":"flip-fensterabdeckungen-8x-alle-fenster","status":"publish","type":"product","link":"https:\/\/flipcampingbox.com\/de\/shop\/flip-fensterabdeckungen-8x-alle-fenster\/","title":{"rendered":"FLIP Fensterabdeckungen &#8211; alle Fenster"},"content":{"rendered":"","protected":false},"excerpt":{"rendered":"<p>Hochwertige Fensterabdeckungen f\u00fcr zus\u00e4tzliche Privatsph\u00e4re, l\u00e4ngerer Schlaf und zus\u00e4tzliche Isolierung. Ma\u00dfgeschneidert f\u00fcr jedes einzelne Automodell. <\/p>\n","protected":false},"featured_media":28635,"template":"","meta":{"_acf_changed":false},"product_brand":[],"product_cat":[403,401],"product_tag":[],"class_list":{"0":"post-28469","1":"product","2":"type-product","3":"status-publish","4":"has-post-thumbnail","6":"product_cat-flip-fensterabdeckungen","7":"product_cat-zubehor","8":"tm-no-options-pxq","10":"first","11":"instock","12":"sale","13":"shipping-taxable","14":"purchasable","15":"product-type-simple"},"acf":[],"_links":{"self":[{"href":"https:\/\/flipcampingbox.com\/de\/wp-json\/wp\/v2\/product\/28469","targetHints":{"allow":["GET"]}}],"collection":[{"href":"https:\/\/flipcampingbox.com\/de\/wp-json\/wp\/v2\/product"}],"about":[{"href":"https:\/\/flipcampingbox.com\/de\/wp-json\/wp\/v2\/types\/product"}],"wp:featuredmedia":[{"embeddable":true,"href":"https:\/\/flipcampingbox.com\/de\/wp-json\/wp\/v2\/media\/28635"}],"wp:attachment":[{"href":"https:\/\/flipcampingbox.com\/de\/wp-json\/wp\/v2\/media?parent=28469"}],"wp:term":[{"taxonomy":"product_brand","embeddable":true,"href":"https:\/\/flipcampingbox.com\/de\/wp-json\/wp\/v2\/product_brand?post=28469"},{"taxonomy":"product_cat","embeddable":true,"href":"https:\/\/flipcampingbox.com\/de\/wp-json\/wp\/v2\/product_cat?post=28469"},{"taxonomy":"product_tag","embeddable":true,"href":"https:\/\/flipcampingbox.com\/de\/wp-json\/wp\/v2\/product_tag?post=28469"}],"curies":[{"name":"wp","href":"https:\/\/api.w.org\/{rel}","templated":true}]}}