{"id":22001,"date":"2022-06-01T11:52:28","date_gmt":"2022-06-01T09:52:28","guid":{"rendered":"http:\/\/flipcampingbox.com\/?page_id=22001"},"modified":"2022-06-26T16:38:48","modified_gmt":"2022-06-26T14:38:48","slug":"datenschutz","status":"publish","type":"page","link":"https:\/\/flipcampingbox.com\/de\/datenschutz\/","title":{"rendered":"Datenschutz"},"content":{"rendered":"\t\t<div data-elementor-type=\"wp-page\" data-elementor-id=\"22001\" class=\"elementor elementor-22001 elementor-17071\" data-elementor-post-type=\"page\">\n\t\t\t\t\t\t<section class=\"elementor-section elementor-top-section elementor-element elementor-element-51ce465 elementor-section-stretched elementor-section-boxed elementor-section-height-default elementor-section-height-default\" data-id=\"51ce465\" data-element_type=\"section\" data-e-type=\"section\" data-settings=\"{&quot;stretch_section&quot;:&quot;section-stretched&quot;,&quot;background_background&quot;:&quot;classic&quot;}\">\n\t\t\t\t\t\t<div class=\"elementor-container elementor-column-gap-default\">\n\t\t\t\t\t<div class=\"elementor-column elementor-col-100 elementor-top-column elementor-element elementor-element-d9407ec\" data-id=\"d9407ec\" data-element_type=\"column\" data-e-type=\"column\">\n\t\t\t<div class=\"elementor-widget-wrap elementor-element-populated\">\n\t\t\t\t\t\t<div class=\"elementor-element elementor-element-0894486 elementor-widget elementor-widget-heading\" data-id=\"0894486\" data-element_type=\"widget\" data-e-type=\"widget\" data-widget_type=\"heading.default\">\n\t\t\t\t<div class=\"elementor-widget-container\">\n\t\t\t\t\t<h1 class=\"elementor-heading-title elementor-size-default\">Datenschutz<\/h1>\t\t\t\t<\/div>\n\t\t\t\t<\/div>\n\t\t\t\t\t<\/div>\n\t\t<\/div>\n\t\t\t\t\t<\/div>\n\t\t<\/section>\n\t\t\t\t<section class=\"elementor-section elementor-top-section elementor-element elementor-element-cfedbae elementor-reverse-mobile elementor-section-boxed elementor-section-height-default elementor-section-height-default\" data-id=\"cfedbae\" data-element_type=\"section\" data-e-type=\"section\">\n\t\t\t\t\t\t<div class=\"elementor-container elementor-column-gap-wider\">\n\t\t\t\t\t<div class=\"elementor-column elementor-col-66 elementor-top-column elementor-element elementor-element-63c3ee9\" data-id=\"63c3ee9\" data-element_type=\"column\" data-e-type=\"column\">\n\t\t\t<div class=\"elementor-widget-wrap elementor-element-populated\">\n\t\t\t\t\t\t<div class=\"elementor-element elementor-element-baa4d61 elementor-widget elementor-widget-text-editor\" data-id=\"baa4d61\" data-element_type=\"widget\" data-e-type=\"widget\" data-widget_type=\"text-editor.default\">\n\t\t\t\t<div class=\"elementor-widget-container\">\n\t\t\t\t\t\t\t\t\t<p>Basierend auf dem 24. und 25. Artikel der Gesetzes \u00fcber Datenschutz\/ZVOP-1\/ (Amtsblatt der Republik Slowenien, Nr 94\/07), sowie die Datenschutz Grundverordnung (VERORDNUNG (EU) 2016\/679 EUROP\u00c4ISCHES PARLAMENT UND RAT), vom 27. April 2016, beschlie\u00dft die Gesch\u00e4ftsf\u00fchrung: Sipras trgovina d.o.o., Kolovec 9, Kolovec, 1235 Radomlje, Steuernummer SI: 14556944, Kennnummer: 3866017000, am 20.Mai 2019 folgendes:<\/p><p><strong>DATENSCHUTZ UND PERS\u00d6NLICHKEITSRECHTE ERKL\u00c4RUNG<\/strong><\/p><h2>EINF\u00dcHRUNG<\/h2><p>Sobald Sie die Internetseiten \u00f6ffnen oder nutzen stimmen Sie der Datenschutz und Pers\u00f6nlichkeitsrechte Erkl\u00e4rung zu. Insofern Sie mit der Erkl\u00e4rung nicht einverstanden sind bitten wir Sie die Seiten zu schlie\u00dfen und nicht mehr zu verwenden.<br \/>Sollten Sie Fragen zur Nutzung der Internetseite haben wenden Sie sich bitte per e-Post unter folgender e-Adresse an uns: info@flipcampingbox.com<\/p><p>Definitionen<\/p><p>\u00bbUnternehmen\u00ab Sipras trgovina d.o.o., \u0160utna 37, 1241 Kamnik, Slowenien<br \/>\u00bbInternetseite\u00ab bedeutet ebenso wie Web-oder Netzseite die Seite der flipcampingbox.com oder eine Seite die mit Ihr verbunden ist bzw sie ersetzt.<br \/>\u00bbSie\u00ab steht f\u00fcr den Verwender (Benutzer) der Internetseite\/oder des Webshop.<br \/>\u00bbVerwender\u00ab, Nutzer oder Benutzer der Internetseiten und\/oder des Webshops ist die Person die die Seite betritt, unabh\u00e4ngig vom Geschlecht.<br \/>\u00bbCookies\u00ab sind kleine Text Dateien, die sich w\u00e4hrend der Verwendung der Seiten auf die Harddisk Ihres Computer einbetten und erm\u00f6glichen die Sammlung von Daten Ihrer Aktivit\u00e4ten sowie die Identifikation Ihres Rechners.<br \/>\u00bbPers\u00f6nliche Daten\u00ab bedeuten Daten, die Sie vermittelt haben sowie alle Informationen im Bezug auf Ihre Verhalten bei der Nutzung der gegenst\u00e4ndlichen Internetseite.<\/p><h2>DATENSCHUTZ VON PERS\u00d6NLICHEN DATEN<\/h2><p>Sipras trgovina d.o.o. respektiert Ihr Recht auf Privatsph\u00e4re und strebt nach einem H\u00f6chstma\u00df an Datenschutz. Deshalb sind wir verpflichtet unsere Dienstleistung \u00fcber die Internetseiten verantwortlich nach Gesetzen, Vorschriften und Regelungen zum Datenschutz anzubieten, vor allem dann wenn es sich um Ihre pers\u00f6nlichen Daten handelt. Wir gew\u00e4hrleisten Schutz laut dem Gesetz \u00fcber elektronische Kommunikation und der Datenschutz Grundverordnung der EU. Die Absicht dieser Erkl\u00e4rung ist Sie dar\u00fcber zu informieren f\u00fcr welche Zwecke Ihre, von Ihnen \u00fcbermittelten pers\u00f6nlichen Daten verwendet werden, welche Rechte Sie diesbez\u00fcglich haben und wie Sie diese Nutzen k\u00f6nnen.<\/p><p>Das Unternehmen verpflichtet sich die von Ihnen, \u00fcber die Internetseite, vermittelten Daten im Einklang mit dieser Erkl\u00e4rung \u00fcber den Schutz von pers\u00f6nlichen Daten zu bewahren, Ihre Daten nicht zu verkaufen, verleihen oder auf irgend eine andere Art und weise an Dritte zu vermitteln, es denn den rechtlichen Beispielen.<\/p><p><strong>Pers\u00f6nliche Daten<\/strong><\/p><p>Das Unternehmen Sipras trgovina d.o.o. wird pers\u00f6nliche Daten ausschlie\u00dflich f\u00fcr die Realisierung der Bestellung (das Vermitteln von Informationsmaterial, Angeboten, Rechnungen, alles im Bezug auf Bestellungen) sowie Anderweitigem im Bezug auf die Bestellung verwenden und entsprechend und kommunizieren.<\/p><p><strong>Zweck der Datenbearbeitung und Art der pers\u00f6nlichen Daten<\/strong><\/p><p>Alle pers\u00f6nlichen Daten, die Sie uns vermitteln, werden vertraulich behandelt und ausschlie\u00dflich f\u00fcr den Zweck f\u00fcr den die Daten vermittelt wurden, verwendet. Insofern eine Notwendigkeit entsteht die Daten f\u00fcr andere Zwecke Nutzen zu m\u00fcssen, werden wir vorab mit Ihnen Kontakt aufnehmen und um Ihre Einverst\u00e4ndnis bitten<\/p><p><strong>Nutzung der Internetseite<\/strong><\/p><p>Bei jeder Nutzung der Internetseite flipcampingbox.com werden Daten automatisch auf einem Netz Server gespeichert (zum Beispiel die IP Nummer \u2013 die einzelne Rechner identifizieren bzw andere Anlagen oder Einrichtungen des Netzes , die Web-Browser Version oder die Uhrzeit und Dauer). Diese Daten werden zur Erfassung von Statistiken der Nutzung unserer Internetseiten verwendet.<br \/>Sipras trgovina d.o.o. bearbeitet gesammelte Daten nicht gesondert und verbindet Sie nicht mit anderen Daten.<\/p><p><strong>Der Einkauf von Produkten \u00fcber die Internetseite<\/strong><\/p><p>\u00dcber unsere Internetseite k\u00f6nnen Sie Produkte kaufen oder Nachfragen verschicken. Zu diesem Zwecke sammelt Sipras trgovina d.o.o. von Ihnen folgende Daten, die Sie freiwillig vermitteln:<\/p><p>Name und Nachname bzw Titel oder Unternehmensname,<br \/>e-Adresse,<br \/>Adresse,<br \/>Telefonnummer,<br \/>Angaben \u00fcber den Inhalt Ihrer Nachfrage.<br \/>Alle Angaben die \u00fcber das Internet gesammelt wurden oder auf eine andere Art und Weise an Sipras trgovina d.o.o. vermittelt wurden, werden f\u00fcr die Ausf\u00fchrung der Hauptt\u00e4tigkeit des Unternehmens Sipras trgovina d.o.o. bzw zur Realisierung und Zustellung der Bestellung, verwendet. F\u00fcr diesen Zweck ist die Bearbeitung der Informationen unumg\u00e4nglich. Eine Bearbeitung findet schon zum Zeitpunkt einer Vertragsbeziehung statt. Insofern Sie uns Ihre Daten nicht vermitteln m\u00f6chten, k\u00f6nnen wir Ihnen kein Angebot erstellen oder einen Vertrag abschlie\u00dfen.<\/p><p><strong>Anmeldung e-Nachrichten<\/strong><\/p><p>\u00dcber unsere Internetseiten und w\u00e4hrend der Anmeldung in unser Verkauf-System k\u00f6nnen Sie sich auch f\u00fcr e-Nachrichten anmelden. Sie erhalten von uns dann Informationen \u00fcber unsere Dienstleistungen und T\u00e4tigkeiten. Zu diesem Zwecke kann Sie das Unternehmen Sipras trgovina d.o.o. mittels elektronische Post \u00fcber Neuigkeiten aus dem Angebot der Leistungen, eventuellen Aktionen oder Gewinnspielen, die direkt mit der Sipras trgovina d.o.o. in Verbindung stehen, informieren.<\/p><p>Diese Daten werden nur mit Ihrem Einverst\u00e4ndnis bearbeitet. Vom Einverst\u00e4ndnis zum Erhalt von Werbenachrichten kann man zu jeder Zeit zur\u00fccktreten. Weitere Informationen \u00fcber Ihre Rechte zum Direktvertrieb finden Sie unter dem Punkt \u00bbIhre Rechte\u00ab.<\/p><p>Insofern Sie keine Nachrichten \u00fcber elektronische Post mehr w\u00fcnschen, k\u00f6nnen Sie sich \u00fcber eine Verkn\u00fcpfung zur \u00bbABMELDUNG\u00ab automatisch abmelden oder \u00fcber die e-Post Adresse: info@flipcampingbox.com oder uns anrufen: +386 1 723-07-07.<\/p><p><strong>Anwender Rechte<\/strong><\/p><p>Sipras trgovina d.o.o. gew\u00e4hrleistet die Realisierung aller Rechte die Sie im Bezug auf die Bearbeitung von Ihren pers\u00f6nlichen Daten haben.<\/p><p>Der Einzelperson auf die sich die pers\u00f6nlichen Daten beziehen kann von der Sipras trgovina d.o.o. verlangen:<\/p><p>Ob seine pers\u00f6nlichen Daten bearbeitet werden k\u00f6nnen oder nicht,<\/p><p>Den Zugang zu den pers\u00f6nlichen Daten (d.h. den Einblick sowie deren Abschrift oder Kopie) zu erm\u00f6glichen,<br \/>Das Recht auf Informationen im Bezug auf die Bearbeitung von Daten (z.B. Art der gespeicherten pers\u00f6nlichen Daten, die vermittelt wurden oder werden, dem vorgesehenen Zeitraum wie lange Daten gespeichert werden, \u00fcber technische und organisatorische Ma\u00dfnahmen zum Datenschutz, etc.).<br \/>Dass mangelhafte oder fehlerhafte pers\u00f6nliche Daten im Bezug auf ihn korrigiert werden und eine Erg\u00e4nzung von unvollst\u00e4ndigen Daten erm\u00f6glicht wird,<br \/>Das Recht auf L\u00f6schung von pers\u00f6nlichen Daten (d.h. das Recht auf Vergessenheit) besteht,<br \/>Das Daten nur beschr\u00e4nkt bearbeitet werden d\u00fcrfen,<br \/>Das Einspruch auf die Bearbeitung gehoben wird insofern die Bearbeitung der Daten inklusive Profildesign auf einem rechtlichen Interesse des Anwenders gew\u00e4hrleistet ist<br \/>Dass er das Recht auf eine \u00dcbertragung von Daten hat. Die Daten werden in allgemeiner und generell lesbaren Form an den Betroffenen oder einen anderen Anwender \u00fcbermittelt.<\/p><p>Das Recht auf den R\u00fccktritt vom Einverst\u00e4ndnis anzuwenden, insofern Daten anhand eines Einverst\u00e4ndnisses bearbeitet werden. Hierbei ist zu bemerken, dass die Rechte des R\u00fccktrittes von der Datenbearbeitung nicht auch r\u00fcckwirkend ist sondern erst ab dem Zeitpunkt des R\u00fccktrittes,<br \/>Zus\u00e4tzliche Informationen im Bezug auf Rechte beim zust\u00e4ndigen Aufsichtsorgan bereitgestellt werden,<br \/>\u2013 dass das Unternehmen der Einzelperson auf Antrag und im Einklang mit den aktuellen juristischen Vorschriften (Gesetzgebung) auch andere Informationen die im Zusammenhang mit seinen pers\u00f6nlichen Daten stehen, zu vermitteln,<br \/>\u2013 dass, das Unternehmen gew\u00e4hrleistet, dass Antr\u00e4ge der Einzelpersonen auf die sich die pers\u00f6nlichen Daten beziehen ohne unn\u00f6tigen Zeitverlust und sp\u00e4testens innerhalb gesetzlich vorgesehenen Zeitr\u00e4umen bearbeitet werden.<\/p><p><strong>Das Verfahren der Inanspruchnahme von Rechten<\/strong><\/p><p>Ich bin dar\u00fcber informiert, dass die oben genannten Rechte die sich ausschlie\u00dflich auf meine pers\u00f6nlichen Daten beziehen, in Anspruch nehmen kann indem ich einen Antrag auf die Inanspruchnahme schriftlich an den Betreiber stelle. Die email Adresse f\u00fcr die Antragsstellung ist: info@flipcampingbox.com.<\/p><p>Ich bin dar\u00fcber informiert, dass der Betreiber f\u00fcr die Identifikation, im Fall von einer Inanspruchnahme im Bezug auf meine pers\u00f6nlichen Daten, zus\u00e4tzliche Informationen von mir verlangen darf und den Anspruch nur ablehnen kann insofern er beweist, dass er mich nicht sicher und zuverl\u00e4ssig identifizieren konnte.<\/p><p>Ich bin dar\u00fcber informiert, dass der Betreiber meiner Antrag auf die Inanspruchnahme eines Rechtes im Bezug auf meine pers\u00f6nlichen Daten ohne unn\u00f6tigen Zeitverlust und sp\u00e4testens in einem Monat nach Erhalt meines Antrags beantworten wird.<\/p><p><strong>Art des Datenschutzes<\/strong><\/p><p>Die Sipras trgovina d.o.o. verpflichtet sich pers\u00f6nliche Daten, die Sie w\u00e4hrend der Nutzung der Internetseite des Unternehmens vermitteln zu sch\u00fctzen. Sipras d.o.o. wird alles tun um Ihre pers\u00f6nlichen Daten vor Gesetzesversto\u00df oder Missbrauch abzusichern.<\/p><p>Pers\u00f6nliche Daten werden in elektronischer Form gespeichert. Unsere Computersysteme sind mit technischen sowie organisatorischen Ma\u00dfnahmen zur Verhinderung von illegalen oder mutma\u00dflichen Vernichtungen, Verlust, \u00c4nderungen oder unbefugtem Zugang auf Ihre pers\u00f6nlichen Daten gesch\u00fctzt.<\/p><p>Einen Zugang auf Daten haben nur bevollm\u00e4chtigte Personen und Verk\u00e4ufer um Vertragsverpflichtungen ausf\u00fchren zu k\u00f6nnen.<br \/>Daten k\u00f6nnen vom Anwender bis zum Widerruf gespeichert und gesammelt werden.<\/p><p>Die Internetseite flipcampingbox.com gew\u00e4hrleistet alle notwendigen technischen und organisatorischen L\u00f6sungen f\u00fcr einen g\u00e4nzlich sicheren Einkauf. Die Vermittlung von empfindlichen pers\u00f6nlichen sowie Bank\u00fcberweisung Daten \u00fcber die Internetseite wird auf sichere Weise mit Hilfe des SSL Protokolls (Secure Sockets Layer) sichergestellt. Die Daten werden mit einem bis zu 256 bit Schl\u00fcssel noch bevor sie Ihren Browser verlassen kodiert. Auf unseren Server werden sie bereits in abgesicherter Form \u00fcbertragen. Das System verhindert so, dass pers\u00f6nliche Daten oder Bankdaten die Sie an unseren Webshop vermitteln von jemand abgefangen werden k\u00f6nnen.<\/p><p>Pers\u00f6nlichkeitsschutz und sicheres Einkaufen gew\u00e4hrleisten wir auch indem wir den jeweils aktuelle Gesetzesvorschriften nachkommen und slowenische als auch internationale Ratschl\u00e4ge von Verbraucherschutz Zentralen befolgen.<\/p><p>Wir verpflichten uns dazu, dass alle pers\u00f6nlichen Daten die wir \u00fcber die Webseite flipcampingbox.com erhalten haben, komplett im Besitz des Unternehmens Sipras trgovina d.o.o. bleiben. Mit allen an uns \u00fcbermittelten pers\u00f6nlichen Daten werden wir bedingungslos vorschriftsgem\u00e4\u00df laut den jeweils g\u00fcltigen Gesetzen \u00fcber pers\u00f6nlichen Datenschutz umgehen.<\/p><h2>COOKIES<\/h2><p><b>\u00dcber Cookies<\/b><\/p><p>Was sind Cookies und wozu sind sie notwendig?<\/p><p>Cookies sind kurze Texte, die w\u00e4hrend Sie die Internetseiten nutzen an den Server geschickt werden. So werden Sie von unserer Internetseite als Nutzer erkannt und die Daten \u00fcber ihren Zutritt auf die Seiten, erm\u00f6glichen eine freundliche und einfache Anwendung von Netzdienstleistungen. Mit Hilfe von Cookies passen wir Inhalte unserer Internetseite an, speichern wir ihre Pr\u00e4ferenzen und zeichnen Ihre Besuche des Webshops auf. Mit Cookies ist die Anwendung unseres Webshops angenehmer, schneller und vor allem defektiver.<\/p><p>Sipras trgovina d.o.o. darf Daten in anonymer, summierten Form f\u00fcr statistische Analysen verwenden. Sipras trgovina d.o.o. gibt Daten \u00fcber Anwender in keinem Fall an unbefugte Personen weiter. Dem Zulieferer (z.B. DB Schenker) werden wir nur Ihre Zustell Adresse anvertrauen. Mit dem Anwender werden wir \u00fcber andere Kommunikationsmittel aus der Ferne in Kontakt treten insofern dieser nicht strikt dagegen ist.<\/p><p><b>Die Aufsicht von Cookies<\/b><\/p><p>F\u00fcr einen bestimmten Anteil von Cookies ist ein Einverst\u00e4ndnis zur Anwendung notwendig. Sie k\u00f6nnen jederzeit Ihre Entscheidung \u00fcber die Anwendung von Cookies \u00e4ndern und die Cookies nachtr\u00e4glich ablehnen. Diese Einstellungen befinden sich normalerweise im Men\u00fc unter der Browserzeile \u00bbWerkzeug &gt; Internet M\u00f6glichkeiten, untergeordnete Zeile \u00bbPrivates\u00ab oder \u00bbSicherheit\u00ab. Dort kann der Anwender die Einstellungen \u00e4ndern und die Cookies entsprechend eigener Wahl sperren.<\/p><p>\u00dcber den Browser k\u00f6nnen Cookies auch gel\u00f6scht werden. Das L\u00f6schen ist normalerweise \u00fcber das Werkzeug zug\u00e4nglich das unter \u00bbL\u00f6schen von Browserdaten\u00ab zu finden ist (sie Widerrufen das Fenster auch \u00fcber die Kombination der Tasten CTRL+Shift+Del und w\u00e4hlen so die L\u00f6schung der Cookies).<\/p><p>Manche Browser erm\u00f6glichen generell einen Ablehnung von Cookie- Anwendungen indem man die Feld \u00bbNicht folgen\u00ab oder \u00bbdo-not-track\u00ab dr\u00fcckt.<\/p><h2>\u00c4NDERUNGEN<\/h2><p>Wir behalten uns das Recht vor, die Erkl\u00e4rung zu pers\u00f6nlichem Datenschutz zeitweise den jeweiligen Verh\u00e4ltnissen und Gesetzen zum Thema Datenschutz anzupassen. Deshalb bitten wir vor dem Vermitteln von pers\u00f6nlichen Daten den aktuellen Stand der Erkl\u00e4rung zu pr\u00fcfen um \u00fcber eventuelle \u00c4nderungen oder Erg\u00e4nzungen informiert zu sein.<\/p><p><strong>19.05.2019<\/strong><\/p>\t\t\t\t\t\t\t\t<\/div>\n\t\t\t\t<\/div>\n\t\t\t\t\t<\/div>\n\t\t<\/div>\n\t\t\t\t<div class=\"elementor-column elementor-col-33 elementor-top-column elementor-element elementor-element-1e36118\" data-id=\"1e36118\" data-element_type=\"column\" data-e-type=\"column\">\n\t\t\t<div class=\"elementor-widget-wrap elementor-element-populated\">\n\t\t\t\t\t\t<div class=\"elementor-element elementor-element-5d7e5ec elementor-widget elementor-widget-table-of-contents\" data-id=\"5d7e5ec\" data-element_type=\"widget\" data-e-type=\"widget\" data-settings=\"{&quot;exclude_headings_by_selector&quot;:[],&quot;sticky&quot;:&quot;top&quot;,&quot;sticky_on&quot;:[&quot;desktop&quot;],&quot;headings_by_tags&quot;:[&quot;h2&quot;,&quot;h3&quot;,&quot;h4&quot;,&quot;h5&quot;,&quot;h6&quot;],&quot;marker_view&quot;:&quot;numbers&quot;,&quot;no_headings_message&quot;:&quot;Es wurden keine \\u00dcberschriften auf dieser Seite gefunden.&quot;,&quot;hierarchical_view&quot;:&quot;yes&quot;,&quot;min_height&quot;:{&quot;unit&quot;:&quot;px&quot;,&quot;size&quot;:&quot;&quot;,&quot;sizes&quot;:[]},&quot;min_height_tablet&quot;:{&quot;unit&quot;:&quot;px&quot;,&quot;size&quot;:&quot;&quot;,&quot;sizes&quot;:[]},&quot;min_height_mobile&quot;:{&quot;unit&quot;:&quot;px&quot;,&quot;size&quot;:&quot;&quot;,&quot;sizes&quot;:[]},&quot;sticky_offset&quot;:0,&quot;sticky_effects_offset&quot;:0,&quot;sticky_anchor_link_offset&quot;:0}\" data-widget_type=\"table-of-contents.default\">\n\t\t\t\t<div class=\"elementor-widget-container\">\n\t\t\t\t\t\t\t\t\t<div class=\"elementor-toc__header\">\n\t\t\t\t\t\t<h4 class=\"elementor-toc__header-title\">\n\t\t\t\tDatenschutz\t\t\t<\/h4>\n\t\t\t\t\t\t\t\t<\/div>\n\t\t\t\t<div id=\"elementor-toc__5d7e5ec\" class=\"elementor-toc__body\">\n\t\t\t<div class=\"elementor-toc__spinner-container\">\n\t\t\t\t<i class=\"elementor-toc__spinner eicon-animation-spin eicon-loading\" aria-hidden=\"true\"><\/i>\t\t\t<\/div>\n\t\t<\/div>\n\t\t\t\t\t\t<\/div>\n\t\t\t\t<\/div>\n\t\t\t\t\t<\/div>\n\t\t<\/div>\n\t\t\t\t\t<\/div>\n\t\t<\/section>\n\t\t\t\t<\/div>\n\t\t","protected":false},"excerpt":{"rendered":"<p>Datenschutz Basierend auf dem 24. und 25. Artikel der Gesetzes \u00fcber Datenschutz\/ZVOP-1\/ (Amtsblatt der Republik Slowenien, Nr 94\/07), sowie die Datenschutz Grundverordnung (VERORDNUNG (EU) 2016\/679 EUROP\u00c4ISCHES PARLAMENT UND RAT), vom 27. April 2016, beschlie\u00dft die Gesch\u00e4ftsf\u00fchrung: Sipras trgovina d.o.o., Kolovec 9, Kolovec, 1235 Radomlje, Steuernummer SI: 14556944, Kennnummer: 3866017000, am 20.Mai 2019 folgendes: DATENSCHUTZ UND [&hellip;]<\/p>\n","protected":false},"author":1,"featured_media":0,"parent":0,"menu_order":0,"comment_status":"closed","ping_status":"closed","template":"","meta":{"_acf_changed":false,"footnotes":""},"class_list":["post-22001","page","type-page","status-publish","hentry"],"acf":[],"_links":{"self":[{"href":"https:\/\/flipcampingbox.com\/de\/wp-json\/wp\/v2\/pages\/22001","targetHints":{"allow":["GET"]}}],"collection":[{"href":"https:\/\/flipcampingbox.com\/de\/wp-json\/wp\/v2\/pages"}],"about":[{"href":"https:\/\/flipcampingbox.com\/de\/wp-json\/wp\/v2\/types\/page"}],"author":[{"embeddable":true,"href":"https:\/\/flipcampingbox.com\/de\/wp-json\/wp\/v2\/users\/1"}],"replies":[{"embeddable":true,"href":"https:\/\/flipcampingbox.com\/de\/wp-json\/wp\/v2\/comments?post=22001"}],"version-history":[{"count":0,"href":"https:\/\/flipcampingbox.com\/de\/wp-json\/wp\/v2\/pages\/22001\/revisions"}],"wp:attachment":[{"href":"https:\/\/flipcampingbox.com\/de\/wp-json\/wp\/v2\/media?parent=22001"}],"curies":[{"name":"wp","href":"https:\/\/api.w.org\/{rel}","templated":true}]}}